{"id":131,"date":"2014-04-22T09:20:40","date_gmt":"2014-04-22T09:20:40","guid":{"rendered":"http:\/\/ranchhorsepanzer.de\/?page_id=131"},"modified":"2018-02-28T12:24:26","modified_gmt":"2018-02-28T12:24:26","slug":"impressumkontakt","status":"publish","type":"page","link":"http:\/\/ranchhorsepanzer.de\/?page_id=131","title":{"rendered":"Impressum\/Kontakt"},"content":{"rendered":"<p>Inhaltlich<span style=\"color: #000000;\"> Verantwortlicher gem\u00e4\u00df \u00a7 10 Absatz 3 MDStV: <\/span><\/p>\n<p><span style=\"color: #000000;\">Karin Meyer &#8211; Reike<\/span><br \/>\n<span style=\"color: #000000;\">Landstallmeisterring 5 <\/span><br \/>\n<span style=\"color: #000000;\">29227 Celle\u00a0<\/span><br \/>\n<span style=\"color: #000000;\">Germany\u00a0<\/span><br \/>\n<span style=\"color: #000000;\">mobil: (0 17 6) 32 0 15 60 6 <\/span><\/p>\n<p><span style=\"color: #000000;\"><a href=\"mailto:info@asmokinlittlegun.de\"><span style=\"color: #000000;\">info@asmokinlittlegun.de<\/span><\/a><\/span><\/p>\n<p align=\"justify\"><span style=\"text-decoration: underline; color: #000000;\">Hinweis:<br \/>\n<\/span><br \/>\n<span style=\"color: #000000;\">Alle Angaben auf diesen Seiten werden mit gro\u00dfer Sorgfalt\u00a0&#8211; jedoch ohne Gew\u00e4hr\u00a0&#8211; ver\u00f6ffentlicht. <\/span><\/p>\n<p><span style=\"color: #000000;\">Die Nutzung der hier ver\u00f6ffentlichten Informationen geschieht auf eigene Gefahr. F\u00fcr mittelbare und unmittelbare Sch\u00e4den durch die Nutzung der auf diesen Seiten ver\u00f6ffentlichten Daten \/ Informationen wird keine Haftung \u00fcbernommen. <\/span><\/p>\n<p><span style=\"text-decoration: underline; color: #000000;\">Erkl\u00e4rung:<br \/>\n<\/span><br \/>\n<span style=\"color: #000000;\">Mit Urteil vom 12. Mai 1998 hat das Landgericht Hamburg entschieden, durch die Anbringung eines Links seien die Inhalte der gelinkten Seite ggf. mit zu verantworten. Dies kann dem Landgericht Hamburg zufolge nur verhindert werden, indem man sich ausdr\u00fccklich von diesen Inhalten distanziert. <\/span><\/p>\n<p><span style=\"color: #000000;\">Deshalb sei an dieser Stelle darauf hingewiesen, dass sich diese Website von Gestaltung und Inhalten aller gelinkten Seiten ausdr\u00fccklich distanziert und sich deren Inhalte nicht zueigen macht. <\/span><\/p>\n<p><span style=\"text-decoration: underline; color: #000000;\">Copyright:<br \/>\n<\/span><br \/>\n<span style=\"color: #000000;\">Alle Rechte vorbehalten. Texte, Fotos und Abbildungen dieser Website unterliegen dem Urheberrecht und sind &#8211; auch auszugsweise &#8211; nur mit Genehmigung von asmokinlittlegun.de zu verwenden.<\/span><\/p>\n","protected":false},"excerpt":{"rendered":"<p>Inhaltlich Verantwortlicher gem\u00e4\u00df \u00a7 10 Absatz 3 MDStV: Karin Meyer &#8211; Reike Landstallmeisterring 5 29227 Celle\u00a0 Germany\u00a0 mobil: (0 17 6) 32 0 15 60 6 info@asmokinlittlegun.de Hinweis: Alle Angaben auf diesen Seiten werden mit gro\u00dfer Sorgfalt\u00a0&#8211; jedoch ohne Gew\u00e4hr\u00a0&#8211; ver\u00f6ffentlicht. Die Nutzung der hier ver\u00f6ffentlichten Informationen geschieht auf eigene Gefahr. F\u00fcr mittelbare und unmittelbare [&hellip;]<\/p>\n","protected":false},"author":1,"featured_media":0,"parent":0,"menu_order":0,"comment_status":"closed","ping_status":"closed","template":"page-templates\/full-width.php","meta":{"footnotes":""},"class_list":["post-131","page","type-page","status-publish","hentry"],"_links":{"self":[{"href":"http:\/\/ranchhorsepanzer.de\/index.php?rest_route=\/wp\/v2\/pages\/131","targetHints":{"allow":["GET"]}}],"collection":[{"href":"http:\/\/ranchhorsepanzer.de\/index.php?rest_route=\/wp\/v2\/pages"}],"about":[{"href":"http:\/\/ranchhorsepanzer.de\/index.php?rest_route=\/wp\/v2\/types\/page"}],"author":[{"embeddable":true,"href":"http:\/\/ranchhorsepanzer.de\/index.php?rest_route=\/wp\/v2\/users\/1"}],"replies":[{"embeddable":true,"href":"http:\/\/ranchhorsepanzer.de\/index.php?rest_route=%2Fwp%2Fv2%2Fcomments&post=131"}],"version-history":[{"count":4,"href":"http:\/\/ranchhorsepanzer.de\/index.php?rest_route=\/wp\/v2\/pages\/131\/revisions"}],"predecessor-version":[{"id":766,"href":"http:\/\/ranchhorsepanzer.de\/index.php?rest_route=\/wp\/v2\/pages\/131\/revisions\/766"}],"wp:attachment":[{"href":"http:\/\/ranchhorsepanzer.de\/index.php?rest_route=%2Fwp%2Fv2%2Fmedia&parent=131"}],"curies":[{"name":"wp","href":"https:\/\/api.w.org\/{rel}","templated":true}]}}