{"id":135,"date":"2014-04-22T09:25:11","date_gmt":"2014-04-22T09:25:11","guid":{"rendered":"http:\/\/ranchhorsepanzer.de\/?page_id=135"},"modified":"2018-02-28T12:24:39","modified_gmt":"2018-02-28T12:24:39","slug":"wir-philosophie","status":"publish","type":"page","link":"http:\/\/ranchhorsepanzer.de\/?page_id=135","title":{"rendered":"&#8222;Wir&#8220; (Philosophie)"},"content":{"rendered":"<p><span style=\"color: #000000;\"><b><span style=\"text-decoration: underline;\"><span style=\"font-size: medium;\"><span style=\"font-family: Georgia,serif;\">\u201ePhilosophie\u201c:<\/span><\/span><\/span><\/b><\/span><\/p>\n<p align=\"justify\"><span style=\"color: #000000; font-family: Georgia,serif; font-size: medium;\">Wir z\u00fcchten als Hobby und mit gro\u00dfer Leidenschaft American Quarter Horses und American Paint Horses f\u00fcr Freizeit und Turnier.<\/span><\/p>\n<p align=\"justify\"><span style=\"color: #000000; font-family: Georgia,serif; font-size: medium;\">Ich, d.h. Karin, bin Freizeit- &amp; Turnierreiterin. Stefan ist mein ruhender Pol und der beste &#8222;Champion Service&#8220; auf den Turnieren. F\u00fcr ein sch\u00f6nes Turnierwochenende ben\u00f6tigt man unserer Meinung nach ein gesundes, gut gebautes Pferd, was klar im Kopf ist. Diese Pferde habe ich in den Rassen American Quarter Horse und American Paint Horse gefunden, die mich\u00a0(und nun auch Stefan)\u00a0seitdem begleiten.<\/span><\/p>\n<p align=\"justify\"><span style=\"color: #000000; font-family: Georgia,serif; font-size: medium;\">Wichtig ist uns neben einem guten Fundament und\u00a0kr\u00e4ftigen Knochen\/Gelenken ganz besonders\u00a0der Charakter\u00a0unserer Pferde. Schlie\u00dflich sind die Tiere f\u00fcr uns ein Hobby und kein Beruf und wir wollen uns bei der Zeit mit den Pferden auch entspannen und die wenige freie Zeit genie\u00dfen k\u00f6nnen.<\/span><\/p>\n<p align=\"justify\"><span style=\"color: #000000; font-family: Georgia,serif; font-size: medium;\">Hierf\u00fcr haben wir ein paar Pferde aus guten Blutlinien, mit guten Anlagen und einer soliden Ausbildung, die durchaus auch Talent f\u00fcr mehr haben. Dies haben sie bereits durch diverse Turniererfolge bewiesen. Denn nur auf einer soliden Basis l\u00e4\u00dft sich eine erfolgreiche Zukunft bauen!<\/span><\/p>\n<p align=\"justify\"><span style=\"color: #000000; font-family: Georgia,serif; font-size: medium;\">Um\u00a0unseren Zuchtpferden und auch der Nachzucht bestm\u00f6gliche Voraussetzungen zu bieten, versuchen wir, sie so artgerecht wie m\u00f6glich zu halten. Dies bedeutet zum einen t\u00e4gliche Bewegung (auch im Winter) und zum anderen Sozialkontakt zu anderen Pferden.<br \/>\nDaher stehen unsere Pferde im Winter zusammen auf einem gro\u00dfz\u00fcgigen Gemeinschafts-Paddock und im\u00a0Sommer zusammen auf der Weide. Diese Gesellschaft teilt auch unser Hengst. Wir denken, dass gerade dies auch dazu beitr\u00e4gt, dass alle unsere Pferde so ausgeglichene Tiere und auch f\u00fcr jeden Freizeitreiter geeignet sind!<\/span><\/p>\n<p align=\"justify\"><span style=\"color: #000000; font-family: Georgia,serif; font-size: medium;\"><strong>We breed Champions!<\/strong><\/span><\/p>\n<p align=\"justify\"><span style=\"color: #000000; font-family: Georgia,serif; font-size: medium;\"><strong>Champions in der Arena\u00a0\u00a0 \u00a0\u00a0 und \u00a0\u00a0 \u00a0 \u201eim Herzen\u201c!!<\/strong><\/span><\/p>\n<p align=\"justify\"><span style=\"font-size: medium; color: #000000;\"><span style=\"font-family: Georgia,serif;\">Breeder of\u00a0PHCG Triple Crown Champion (2 x Futurity Champion, 1 x Maturity Champion\u00a02007 &#8211; 2009)\u00a0und Allrounder \u201cCharming Little Luna\u201d (APHA)<\/span><\/span><\/p>\n<p align=\"justify\"><span style=\"font-size: medium; color: #000000;\"><span style=\"font-family: Georgia,serif;\">Home of 3 x PHCG High Point Horse (Halter &amp; Performance) &amp; PHCG RG Nord Regionalgruppenmeister &#8222;A Smokin Little Gun&#8220; (AQHA &amp; APHA)<\/span><\/span><\/p>\n","protected":false},"excerpt":{"rendered":"<p>\u201ePhilosophie\u201c: Wir z\u00fcchten als Hobby und mit gro\u00dfer Leidenschaft American Quarter Horses und American Paint Horses f\u00fcr Freizeit und Turnier. Ich, d.h. Karin, bin Freizeit- &amp; Turnierreiterin. Stefan ist mein ruhender Pol und der beste &#8222;Champion Service&#8220; auf den Turnieren. F\u00fcr ein sch\u00f6nes Turnierwochenende ben\u00f6tigt man unserer Meinung nach ein gesundes, gut gebautes Pferd, was [&hellip;]<\/p>\n","protected":false},"author":1,"featured_media":0,"parent":0,"menu_order":0,"comment_status":"closed","ping_status":"closed","template":"page-templates\/full-width.php","meta":{"footnotes":""},"class_list":["post-135","page","type-page","status-publish","hentry"],"_links":{"self":[{"href":"http:\/\/ranchhorsepanzer.de\/index.php?rest_route=\/wp\/v2\/pages\/135","targetHints":{"allow":["GET"]}}],"collection":[{"href":"http:\/\/ranchhorsepanzer.de\/index.php?rest_route=\/wp\/v2\/pages"}],"about":[{"href":"http:\/\/ranchhorsepanzer.de\/index.php?rest_route=\/wp\/v2\/types\/page"}],"author":[{"embeddable":true,"href":"http:\/\/ranchhorsepanzer.de\/index.php?rest_route=\/wp\/v2\/users\/1"}],"replies":[{"embeddable":true,"href":"http:\/\/ranchhorsepanzer.de\/index.php?rest_route=%2Fwp%2Fv2%2Fcomments&post=135"}],"version-history":[{"count":4,"href":"http:\/\/ranchhorsepanzer.de\/index.php?rest_route=\/wp\/v2\/pages\/135\/revisions"}],"predecessor-version":[{"id":768,"href":"http:\/\/ranchhorsepanzer.de\/index.php?rest_route=\/wp\/v2\/pages\/135\/revisions\/768"}],"wp:attachment":[{"href":"http:\/\/ranchhorsepanzer.de\/index.php?rest_route=%2Fwp%2Fv2%2Fmedia&parent=135"}],"curies":[{"name":"wp","href":"https:\/\/api.w.org\/{rel}","templated":true}]}}