{"id":216,"date":"2014-05-30T10:08:43","date_gmt":"2014-05-30T10:08:43","guid":{"rendered":"http:\/\/ranchhorsepanzer.de\/?page_id=216"},"modified":"2018-02-28T12:25:06","modified_gmt":"2018-02-28T12:25:06","slug":"best-spook-x-tl-ima-gay-bar-peppy-2","status":"publish","type":"page","link":"http:\/\/ranchhorsepanzer.de\/?page_id=216","title":{"rendered":"In Memoriam (WHOA BLACK BATTY)"},"content":{"rendered":"<h1><span style=\"color: #000000;\"><strong><span class=\"userContent\">In loving memory: WHOA Black Batty,\u00a0AQHA Reg. 5598763, 19.05.2014 &#8211; 03.10.2014<br \/>\nI wish \u00a0 <em>R.I.P<\/em> \u00a0 meant &#8222;<em>Return If Possible<\/em>.&#8220;\u00a0 !!<br \/>\n<\/span><\/strong><\/span><\/h1>\n<p><em><strong><span style=\"color: #000000;\">F\u00fcr uns alle \u00fcberraschend lag &#8222;Black Batty&#8220; (die Beantwortung meiner Tr\u00e4ume, Hoffnungen und W\u00fcnsche) am 03.10.2014 morgens tot in der Box. Es gab keine Hinweise auf die Ursache; wir sind immer noch fassungslos&#8230;.<br \/>\nRun Free, Black Batty!\u00a0\u00a0\u00a0 Ich werde dich nie vergessen!<\/span><\/strong><\/em><\/p>\n<p>&nbsp;<\/p>\n<p><span style=\"color: #000000;\"><strong><span style=\"text-decoration: underline;\">WOAH BLACK BATTY<\/span><\/strong><br \/>\n<strong>BEST SPOOK x TL IMA GAY BAR PEPPY<\/strong><br \/>\n(AQHA, Reg. 5598763, *19.05.2014, smoky black)<span style=\"color: #000000;\"><br \/>\n(HERDA, GBED, HYPP, MH, PSSM1 n\/n)<\/span><\/span><\/p>\n<p><strong><span style=\"color: #000000;\"><em>&#8222;Batman&#8220;<\/em>-Fohlen aus unserer producing Dam &#8222;TL IMA GAY BAR PEPPY&#8220; (Dam of mult. Futurity Champion, NRHA Futurity Finalist, &#8230;) :<\/span><\/strong><\/p>\n<p><span style=\"color: #000000;\">Ein echter Hingucker in smoky black mit erstklassigem Geb\u00e4ude und einem \u00fcberaus zutraulichen und leichtf\u00fchrigen Charakter. <\/span><\/p>\n<p style=\"text-align: center;\"><a href=\"http:\/\/ranchhorsepanzer.de\/wp-content\/uploads\/2014\/05\/Batty-1.jpg\"><img loading=\"lazy\" decoding=\"async\" class=\"alignnone wp-image-203\" src=\"http:\/\/ranchhorsepanzer.de\/wp-content\/uploads\/2014\/05\/Batty-1.jpg\" alt=\"Batty 1\" width=\"243\" height=\"360\" srcset=\"http:\/\/ranchhorsepanzer.de\/wp-content\/uploads\/2014\/05\/Batty-1.jpg 648w, http:\/\/ranchhorsepanzer.de\/wp-content\/uploads\/2014\/05\/Batty-1-202x300.jpg 202w, http:\/\/ranchhorsepanzer.de\/wp-content\/uploads\/2014\/05\/Batty-1-624x924.jpg 624w\" sizes=\"auto, (max-width: 243px) 100vw, 243px\" \/><\/a>\u00a0\u00a0\u00a0\u00a0 <a href=\"http:\/\/ranchhorsepanzer.de\/wp-content\/uploads\/2014\/05\/Batty-2.jpg\"><img loading=\"lazy\" decoding=\"async\" class=\"alignnone wp-image-204\" src=\"http:\/\/ranchhorsepanzer.de\/wp-content\/uploads\/2014\/05\/Batty-2.jpg\" alt=\"Batty 2\" width=\"268\" height=\"360\" srcset=\"http:\/\/ranchhorsepanzer.de\/wp-content\/uploads\/2014\/05\/Batty-2.jpg 714w, http:\/\/ranchhorsepanzer.de\/wp-content\/uploads\/2014\/05\/Batty-2-223x300.jpg 223w, http:\/\/ranchhorsepanzer.de\/wp-content\/uploads\/2014\/05\/Batty-2-624x838.jpg 624w\" sizes=\"auto, (max-width: 268px) 100vw, 268px\" \/><\/a><\/p>\n<h6 style=\"text-align: center;\"><a href=\"http:\/\/ranchhorsepanzer.de\/wp-content\/uploads\/2014\/05\/Batty-4.jpg\"><img loading=\"lazy\" decoding=\"async\" class=\"alignnone wp-image-205\" src=\"http:\/\/ranchhorsepanzer.de\/wp-content\/uploads\/2014\/05\/Batty-3.jpg\" alt=\"Batty 3\" width=\"182\" height=\"280\" srcset=\"http:\/\/ranchhorsepanzer.de\/wp-content\/uploads\/2014\/05\/Batty-3.jpg 625w, http:\/\/ranchhorsepanzer.de\/wp-content\/uploads\/2014\/05\/Batty-3-195x300.jpg 195w, http:\/\/ranchhorsepanzer.de\/wp-content\/uploads\/2014\/05\/Batty-3-624x958.jpg 624w\" sizes=\"auto, (max-width: 182px) 100vw, 182px\" \/> <img loading=\"lazy\" decoding=\"async\" class=\"alignnone wp-image-206\" src=\"http:\/\/ranchhorsepanzer.de\/wp-content\/uploads\/2014\/05\/Batty-4.jpg\" alt=\"Batty 4\" width=\"420\" height=\"280\" srcset=\"http:\/\/ranchhorsepanzer.de\/wp-content\/uploads\/2014\/05\/Batty-4.jpg 960w, http:\/\/ranchhorsepanzer.de\/wp-content\/uploads\/2014\/05\/Batty-4-300x200.jpg 300w, http:\/\/ranchhorsepanzer.de\/wp-content\/uploads\/2014\/05\/Batty-4-624x416.jpg 624w\" sizes=\"auto, (max-width: 420px) 100vw, 420px\" \/><\/a><\/h6>\n<p><span style=\"color: #000000;\"><span style=\"color: #000000;\">Vater von <strong>Black Batty<\/strong> ist der NRHA Derby Champion Non Pro 2013\u00a0<strong>BEST SPOOK<\/strong> (Smart Spook x Best Stop v. Custom Crome).<\/span><\/span><\/p>\n<p align=\"justify\"><span style=\"color: #000000;\"><span style=\"color: #000000;\">Kurze Note zu <strong>BEST SPOOK <\/strong>&amp; seinen Erfolgen:<\/span><br \/>\n<span style=\"color: #000000;\"> &#8211; Mooslargue 5 years and under Champion Open (2012)<\/span><br \/>\n<span style=\"color: #000000;\"> &#8211; European Futurity Open Lev. 4 TOP 10 (2012)<\/span><br \/>\n<span style=\"color: #000000;\"> &#8211; Breeders Futurity Limited Non Pro Champion 2012<\/span><br \/>\n<span style=\"color: #000000;\"> &#8211; NRHA Intermediate Open Champion Bayer. Meisterschaft (2013)<\/span><br \/>\n<span style=\"color: #000000;\"> &#8211; NRHA Intermediate Amateur Champion Bayer. Meisterschaft (2013)<\/span><br \/>\n<span style=\"color: #000000;\"> &#8211; NRHA Breeders Derby Champion Non Pro (2013)<br \/>\n<span style=\"color: #000000;\">&#8211; NRHA Breeders Derby Champion Lim. Non Pro (2013)<br \/>\n<\/span><span style=\"color: #000000;\">&#8211;<\/span><span style=\"color: #000000;\"> NRHA\u00a0Swiss Derby 6. Platz Non Pro (2013<span style=\"color: #000000;\">)<br \/>\n<\/span><span style=\"color: #000000;\">&#8211;<\/span> NRHA Breeders Derby 5. Platz Lim.\u00a0Non Pro (2014)<\/span><span style=\"color: #000000;\"><br \/>\n<\/span><span style=\"color: #000000;\"> <span style=\"color: #000000;\">&#8211;<\/span><span style=\"color: #000000;\"> NRHA Breeders Derby 6. Platz\u00a0Non Pro (2014)<\/span><br \/>\n<span style=\"color: #000000;\"> &#8211;<\/span> <\/span><span style=\"color: #000000;\">NRHA NRW Regio Derby Champion Non Pro (2014)<\/span><\/span><br \/>\n<span style=\"color: #000000;\">&#8211; NRHA money earner<\/span><\/span><\/p>\n<p align=\"justify\"><span style=\"color: #000000;\">Mutter ist die <strong>Little Peppy Coke<\/strong>-Tochter \u201c<strong>TL IMA GAY BAR PEPPY<\/strong>\u201d aus einer direkten Gay Bar King Tochter (x War Leo) \u2013 Blut, wie man es so nur noch selten findet. Sie selbst ist in das Stutbuch I der DQHA eingetragen, und ihre Nachzucht hat bereits APHA-, NSBA- &amp; NRHA-Platzierungen und APHA Points errungen. Sie sind PHCG-, DQHA-, NRHA- und NSBA-Money Earner und u.a. mult. PHCG Futurity Champion, NRHA Futurity Finalist, \u2026 Sie alle haben eines gemeinsam: es sind leichtf\u00fchrige und leichtrittige Pferde mit einem ruhigen Charakter, einem gro\u00dfen Will To Please und super Anlagen f\u00fcr alle Sparten des Westernreitens.<br \/>\n<\/span><\/p>\n<p><span style=\"color: #000000;\">\u00a0<\/span><\/p>\n<p><span style=\"color: #000000;\">Abstammung<\/span><strong> <a href=\"http:\/\/www.allbreedpedigree.com\/woah+black+batty\" target=\"_blank\">Best Spook x TL IMA GAY BAR PEPPY<\/a><\/strong><\/p>\n<table>\n<tbody>\n<tr>\n<td><\/td>\n<td><span style=\"color: #000000;\">\u00a0<\/span><\/td>\n<td><span style=\"color: #000000;\">Smart Chic Olena<\/span><\/td>\n<\/tr>\n<tr>\n<td><span style=\"color: #000000;\">\u00a0<\/span><\/td>\n<td><span style=\"color: #000000;\">Smart Spook<\/span><\/td>\n<td><span style=\"color: #000000;\">\u00a0<\/span><\/td>\n<\/tr>\n<tr>\n<td><span style=\"color: #000000;\">\u00a0<\/span><\/td>\n<td><span style=\"color: #000000;\">\u00a0<\/span><\/td>\n<td><span style=\"color: #000000;\">Sugarplum Spook (by Grays Starlight)<\/span><\/td>\n<\/tr>\n<tr>\n<td><span style=\"color: #000000;\">Best Spook\u00a0\u00a0\u00a0 <\/span><\/td>\n<td><span style=\"color: #000000;\">\u00a0<\/span><\/td>\n<td><span style=\"color: #000000;\">\u00a0<\/span><\/td>\n<\/tr>\n<tr>\n<td><span style=\"color: #000000;\">\u00a0<\/span><\/td>\n<td><span style=\"color: #000000;\">\u00a0<\/span><\/td>\n<td><span style=\"color: #000000;\">Custom Crome<\/span><\/td>\n<\/tr>\n<tr>\n<td><span style=\"color: #000000;\">\u00a0<\/span><\/td>\n<td><span style=\"color: #000000;\">Best Stop<\/span><\/td>\n<td><span style=\"color: #000000;\">\u00a0<\/span><\/td>\n<\/tr>\n<tr>\n<td><span style=\"color: #000000;\">\u00a0<\/span><\/td>\n<td><span style=\"color: #000000;\">\u00a0<\/span><\/td>\n<td><span style=\"color: #000000;\">Rest Stop (by Topsail Cody)<\/span><\/td>\n<\/tr>\n<tr>\n<td><span style=\"color: #000000;\">\u00a0<\/span><\/td>\n<td><span style=\"color: #000000;\">\u00a0<\/span><\/td>\n<td><span style=\"color: #000000;\">\u00a0<\/span><\/td>\n<\/tr>\n<tr>\n<td><\/td>\n<td><\/td>\n<td><span style=\"color: #000000;\">Peppy San Badger<\/span><\/td>\n<\/tr>\n<tr>\n<td><span style=\"color: #000000;\">\u00a0<\/span><\/td>\n<td><span style=\"color: #000000;\">Little Peppy Coke<br \/>\n<\/span><\/td>\n<td><span style=\"color: #000000;\">\u00a0<\/span><\/td>\n<\/tr>\n<tr>\n<td><span style=\"color: #000000;\">\u00a0<\/span><\/td>\n<td><span style=\"color: #000000;\">\u00a0<\/span><\/td>\n<td><span style=\"color: #000000;\">Vanilla Coke (by El Rey Rojo)<br \/>\n<\/span><\/td>\n<\/tr>\n<tr>\n<td><span style=\"color: #000000;\">TL Ima Gay Bar Peppy<\/span><\/td>\n<td><span style=\"color: #000000;\">\u00a0<\/span><\/td>\n<td><span style=\"color: #000000;\">\u00a0<\/span><\/td>\n<\/tr>\n<tr>\n<td><span style=\"color: #000000;\">\u00a0<\/span><\/td>\n<td><span style=\"color: #000000;\">\u00a0<\/span><\/td>\n<td><span style=\"color: #000000;\">Gay Bar King<br \/>\n<\/span><\/td>\n<\/tr>\n<tr>\n<td><span style=\"color: #000000;\">\u00a0<\/span><\/td>\n<td><span style=\"color: #000000;\">Imo Gay Banjo Leo<br \/>\n<\/span><\/td>\n<td><span style=\"color: #000000;\">\u00a0<\/span><\/td>\n<\/tr>\n<tr>\n<td><span style=\"color: #000000;\">\u00a0<\/span><\/td>\n<td><span style=\"color: #000000;\">\u00a0<\/span><\/td>\n<td><span style=\"color: #000000;\">War Leo Baby (by War Leo)<\/span><\/td>\n<\/tr>\n<\/tbody>\n<\/table>\n<p align=\"justify\"><span style=\"color: #000000;\"><strong>Black Batty<\/strong> wird altersgerecht erzogen und gehandelt, kennt beim Absetzen Schmied, Tierarzt und H\u00e4nger fahren.<br \/>\nEr w\u00e4chst in einer Stuten-Fohlenherde auf und kommt nach dem Absetzen in eine altersgemischte Hengst-\/Wallachgruppe f\u00fcr die weitere Aufzucht.<\/span><\/p>\n<p align=\"justify\"><span style=\"color: #000000;\"><span style=\"color: #000000;\"><strong>Black Batty<\/strong> wurde bei der UC Davis bzgl. der Farbgene getestet und \u00fcber die AQHA dem 5 Panel Diseases Test unterzogen. <span style=\"color: #000000;\">Die Ergebnisse sind wie folgt:<\/span><span style=\"color: #000000;\"><span style=\"color: #000000;\"><br \/>\n<\/span><\/span><br \/>\n<span style=\"text-decoration: underline;\">Farbtest<\/span><\/span><span style=\"text-decoration: underline;\">:<\/span><\/span><br \/>\n<span style=\"color: #000000;\">\u2013 Agouti: aa<\/span><br \/>\n<span style=\"color: #000000;\">\u2013 Cream: nCr<br \/>\n<span style=\"color: #000000;\">Er ist also ein Smoky Black<\/span>.<\/span><\/p>\n<p><span style=\"text-decoration: underline;\"><span style=\"color: #000000; text-decoration: underline;\">5 Panel Diseases: <\/span><\/span><br \/>\n<span style=\"color: #000000;\">\u2013 HERDA n\/n<\/span><br \/>\n<span style=\"color: #000000;\">\u2013 GBED n\/n<\/span><br \/>\n<span style=\"color: #000000;\">\u2013 HYPP n\/n<span style=\"color: #000000;\"><br \/>\n<span style=\"color: #000000;\">\u2013 MH n\/n<\/span><br \/>\n<span style=\"color: #000000;\">\u2013 PSSM1 n\/n<\/span><\/span><\/span><br \/>\n<span style=\"color: #000000;\"><strong>Black Batty<\/strong> ist also frei von diesen Gendefekten und kann sie daher auch nicht vererben.<\/span><\/p>\n<p><span style=\"color: #000000;\"><strong>Not for sale at this time!!\u00a0 <img decoding=\"async\" class=\"wp-smiley\" src=\"http:\/\/ranchhorsepanzer.de\/wp-includes\/images\/smilies\/icon_wink.gif\" alt=\";)\" \/> <\/strong><\/span><\/p>\n<p><span style=\"color: #000000;\"><strong>Batty <\/strong>ist\u00a0<strong>NRHA (Germany)<\/strong> und wird au\u00dferdem voraussichtlich auch <strong>EuroFuturity<\/strong> (und evtl. in das<strong> EWU Jungpferdechampionat<\/strong>)<strong> einbezahlt<\/strong><\/span><strong>!<\/strong><\/p>\n","protected":false},"excerpt":{"rendered":"<p>In loving memory: WHOA Black Batty,\u00a0AQHA Reg. 5598763, 19.05.2014 &#8211; 03.10.2014 I wish \u00a0 R.I.P \u00a0 meant &#8222;Return If Possible.&#8220;\u00a0 !! F\u00fcr uns alle \u00fcberraschend lag &#8222;Black Batty&#8220; (die Beantwortung meiner Tr\u00e4ume, Hoffnungen und W\u00fcnsche) am 03.10.2014 morgens tot in der Box. Es gab keine Hinweise auf die Ursache; wir sind immer noch fassungslos&#8230;. Run [&hellip;]<\/p>\n","protected":false},"author":1,"featured_media":0,"parent":0,"menu_order":0,"comment_status":"closed","ping_status":"closed","template":"","meta":{"footnotes":""},"class_list":["post-216","page","type-page","status-publish","hentry"],"_links":{"self":[{"href":"http:\/\/ranchhorsepanzer.de\/index.php?rest_route=\/wp\/v2\/pages\/216","targetHints":{"allow":["GET"]}}],"collection":[{"href":"http:\/\/ranchhorsepanzer.de\/index.php?rest_route=\/wp\/v2\/pages"}],"about":[{"href":"http:\/\/ranchhorsepanzer.de\/index.php?rest_route=\/wp\/v2\/types\/page"}],"author":[{"embeddable":true,"href":"http:\/\/ranchhorsepanzer.de\/index.php?rest_route=\/wp\/v2\/users\/1"}],"replies":[{"embeddable":true,"href":"http:\/\/ranchhorsepanzer.de\/index.php?rest_route=%2Fwp%2Fv2%2Fcomments&post=216"}],"version-history":[{"count":19,"href":"http:\/\/ranchhorsepanzer.de\/index.php?rest_route=\/wp\/v2\/pages\/216\/revisions"}],"predecessor-version":[{"id":772,"href":"http:\/\/ranchhorsepanzer.de\/index.php?rest_route=\/wp\/v2\/pages\/216\/revisions\/772"}],"wp:attachment":[{"href":"http:\/\/ranchhorsepanzer.de\/index.php?rest_route=%2Fwp%2Fv2%2Fmedia&parent=216"}],"curies":[{"name":"wp","href":"https:\/\/api.w.org\/{rel}","templated":true}]}}