{"id":671,"date":"2017-05-12T16:53:17","date_gmt":"2017-05-12T16:53:17","guid":{"rendered":"http:\/\/ranchhorsepanzer.de\/?page_id=671"},"modified":"2019-06-14T14:33:00","modified_gmt":"2019-06-14T14:33:00","slug":"nowitzki-aqha-10-05-2017","status":"publish","type":"page","link":"http:\/\/ranchhorsepanzer.de\/?page_id=671","title":{"rendered":"STEPPIN ON STARLIGHT, colt, AQHA, *10.05.2017, palomino"},"content":{"rendered":"<p><span style=\"color: #000000;\"><strong>STEPPIN ON STARLIGHT (pend.) (aka &#8222;Nowitzki&#8220;)<br \/>\nSTEPPIN ON SPARKS<\/strong><strong> x NO TAILIGHT<\/strong><\/span><br \/>\n<span style=\"color: #000000;\"> (AQHA, *10.05.2017, palomino, colt)<\/span><\/p>\n<p><span style=\"color: #000000;\"><strong>Keckes Hengstfohlen mit gutem Geb\u00e4ude, einer tollen und sehr vielversprechenden Abstammung und zus\u00e4tzlich on Top noch in der Traumfarbe Palomino.<\/strong><\/span><\/p>\n<p><span id=\"fbPhotoSnowliftCaption\" class=\"fbPhotosPhotoCaption\" style=\"color: #000000;\" tabindex=\"0\" data-ft=\"{&quot;tn&quot;:&quot;K&quot;}\"><span class=\"hasCaption\">We proudly present: Palomino colt by STEPPIN ON SPARKS (Jacs Electric Spark x Wimpys Little Step x Custom Crome) out of NO TAILIGHT (Grays Starlight x Doc&#8217;s Prescription), * 10.05.17.<\/span><\/span><\/p>\n<p><span style=\"color: #000000;\">&#8222;Nowitzki&#8220; is for sale into a good home!<\/span><\/p>\n<p><span style=\"color: #000000;\">He is eligible for NRHA oG Futurity, IRHA.<\/span><\/p>\n<p><span style=\"color: #000000;\">The foals out of No Tailight are very talented, good minded and &#8222;kids-safe&#8220; (even as young horses!). They have been placed in NRHA, AQHA, EWU events &amp; DQHA Regional-Futurity.<\/span><\/p>\n<p><a href=\"http:\/\/ranchhorsepanzer.de\/wp-content\/uploads\/2018\/10\/a-IMG_4182.jpg\"><img loading=\"lazy\" decoding=\"async\" class=\"alignnone wp-image-901\" src=\"http:\/\/ranchhorsepanzer.de\/wp-content\/uploads\/2018\/10\/a-IMG_4182-300x237.jpg\" alt=\"\" width=\"380\" height=\"300\" srcset=\"http:\/\/ranchhorsepanzer.de\/wp-content\/uploads\/2018\/10\/a-IMG_4182-300x237.jpg 300w, http:\/\/ranchhorsepanzer.de\/wp-content\/uploads\/2018\/10\/a-IMG_4182-768x607.jpg 768w, http:\/\/ranchhorsepanzer.de\/wp-content\/uploads\/2018\/10\/a-IMG_4182-1024x809.jpg 1024w, http:\/\/ranchhorsepanzer.de\/wp-content\/uploads\/2018\/10\/a-IMG_4182-624x493.jpg 624w\" sizes=\"auto, (max-width: 380px) 100vw, 380px\" \/><\/a>\u00a0\u00a0<a href=\"http:\/\/ranchhorsepanzer.de\/wp-content\/uploads\/2018\/10\/aa-IMG_4266.jpg\"><img loading=\"lazy\" decoding=\"async\" class=\"alignnone wp-image-900 size-medium\" src=\"http:\/\/ranchhorsepanzer.de\/wp-content\/uploads\/2018\/10\/aa-IMG_4266-185x300.jpg\" alt=\"\" width=\"185\" height=\"300\" srcset=\"http:\/\/ranchhorsepanzer.de\/wp-content\/uploads\/2018\/10\/aa-IMG_4266-185x300.jpg 185w, http:\/\/ranchhorsepanzer.de\/wp-content\/uploads\/2018\/10\/aa-IMG_4266-768x1244.jpg 768w, http:\/\/ranchhorsepanzer.de\/wp-content\/uploads\/2018\/10\/aa-IMG_4266-632x1024.jpg 632w, http:\/\/ranchhorsepanzer.de\/wp-content\/uploads\/2018\/10\/aa-IMG_4266-624x1010.jpg 624w\" sizes=\"auto, (max-width: 185px) 100vw, 185px\" \/><\/a>\u00a0\u00a0<a href=\"http:\/\/ranchhorsepanzer.de\/wp-content\/uploads\/2018\/10\/aa-IMG_4214.jpg\"><img loading=\"lazy\" decoding=\"async\" class=\"alignnone wp-image-902\" src=\"http:\/\/ranchhorsepanzer.de\/wp-content\/uploads\/2018\/10\/aa-IMG_4214-300x216.jpg\" alt=\"\" width=\"417\" height=\"300\" srcset=\"http:\/\/ranchhorsepanzer.de\/wp-content\/uploads\/2018\/10\/aa-IMG_4214-300x216.jpg 300w, http:\/\/ranchhorsepanzer.de\/wp-content\/uploads\/2018\/10\/aa-IMG_4214-768x553.jpg 768w, http:\/\/ranchhorsepanzer.de\/wp-content\/uploads\/2018\/10\/aa-IMG_4214-1024x737.jpg 1024w, http:\/\/ranchhorsepanzer.de\/wp-content\/uploads\/2018\/10\/aa-IMG_4214-624x449.jpg 624w\" sizes=\"auto, (max-width: 417px) 100vw, 417px\" \/><\/a>\u00a0 <a href=\"http:\/\/ranchhorsepanzer.de\/wp-content\/uploads\/2018\/10\/aa-IMG_4204.jpg\"><img loading=\"lazy\" decoding=\"async\" class=\"alignnone wp-image-899\" src=\"http:\/\/ranchhorsepanzer.de\/wp-content\/uploads\/2018\/10\/aa-IMG_4204-300x210.jpg\" alt=\"\" width=\"428\" height=\"300\" srcset=\"http:\/\/ranchhorsepanzer.de\/wp-content\/uploads\/2018\/10\/aa-IMG_4204-300x210.jpg 300w, http:\/\/ranchhorsepanzer.de\/wp-content\/uploads\/2018\/10\/aa-IMG_4204-768x539.jpg 768w, http:\/\/ranchhorsepanzer.de\/wp-content\/uploads\/2018\/10\/aa-IMG_4204-1024x718.jpg 1024w, http:\/\/ranchhorsepanzer.de\/wp-content\/uploads\/2018\/10\/aa-IMG_4204-624x438.jpg 624w\" sizes=\"auto, (max-width: 428px) 100vw, 428px\" \/><\/a><br \/>\nHerbst 2018 (Oktober)<\/p>\n<p><a href=\"http:\/\/ranchhorsepanzer.de\/wp-content\/uploads\/2017\/05\/a-IMG_3248.jpg\"><img loading=\"lazy\" decoding=\"async\" class=\"alignnone wp-image-730\" src=\"http:\/\/ranchhorsepanzer.de\/wp-content\/uploads\/2017\/05\/a-IMG_3248-266x300.jpg\" alt=\"\" width=\"222\" height=\"250\" srcset=\"http:\/\/ranchhorsepanzer.de\/wp-content\/uploads\/2017\/05\/a-IMG_3248-266x300.jpg 266w, http:\/\/ranchhorsepanzer.de\/wp-content\/uploads\/2017\/05\/a-IMG_3248-768x866.jpg 768w, http:\/\/ranchhorsepanzer.de\/wp-content\/uploads\/2017\/05\/a-IMG_3248-908x1024.jpg 908w, http:\/\/ranchhorsepanzer.de\/wp-content\/uploads\/2017\/05\/a-IMG_3248-624x703.jpg 624w\" sizes=\"auto, (max-width: 222px) 100vw, 222px\" \/><\/a> <a href=\"http:\/\/ranchhorsepanzer.de\/wp-content\/uploads\/2017\/05\/a-IMG_3257.jpg\"><img loading=\"lazy\" decoding=\"async\" class=\"alignnone wp-image-731\" src=\"http:\/\/ranchhorsepanzer.de\/wp-content\/uploads\/2017\/05\/a-IMG_3257-300x294.jpg\" alt=\"\" width=\"255\" height=\"250\" srcset=\"http:\/\/ranchhorsepanzer.de\/wp-content\/uploads\/2017\/05\/a-IMG_3257-300x294.jpg 300w, http:\/\/ranchhorsepanzer.de\/wp-content\/uploads\/2017\/05\/a-IMG_3257-768x754.jpg 768w, http:\/\/ranchhorsepanzer.de\/wp-content\/uploads\/2017\/05\/a-IMG_3257-1024x1005.jpg 1024w, http:\/\/ranchhorsepanzer.de\/wp-content\/uploads\/2017\/05\/a-IMG_3257-624x612.jpg 624w\" sizes=\"auto, (max-width: 255px) 100vw, 255px\" \/><br \/>\n<\/a>Herbst 2017<\/p>\n<p><a href=\"http:\/\/ranchhorsepanzer.de\/wp-content\/uploads\/2017\/05\/19990388_10203519459863628_2520867362415112778_n.jpg\"><img loading=\"lazy\" decoding=\"async\" class=\"alignnone wp-image-725\" src=\"http:\/\/ranchhorsepanzer.de\/wp-content\/uploads\/2017\/05\/19990388_10203519459863628_2520867362415112778_n-200x300.jpg\" alt=\"\" width=\"167\" height=\"250\" srcset=\"http:\/\/ranchhorsepanzer.de\/wp-content\/uploads\/2017\/05\/19990388_10203519459863628_2520867362415112778_n-200x300.jpg 200w, http:\/\/ranchhorsepanzer.de\/wp-content\/uploads\/2017\/05\/19990388_10203519459863628_2520867362415112778_n-624x936.jpg 624w, http:\/\/ranchhorsepanzer.de\/wp-content\/uploads\/2017\/05\/19990388_10203519459863628_2520867362415112778_n.jpg 640w\" sizes=\"auto, (max-width: 167px) 100vw, 167px\" \/><\/a>\u00a0\u00a0\u00a0\u00a0 <a href=\"http:\/\/ranchhorsepanzer.de\/wp-content\/uploads\/2017\/05\/19989807_10203519458983606_8167505595035116415_n.jpg\"><img loading=\"lazy\" decoding=\"async\" class=\"alignnone wp-image-726\" src=\"http:\/\/ranchhorsepanzer.de\/wp-content\/uploads\/2017\/05\/19989807_10203519458983606_8167505595035116415_n-300x200.jpg\" alt=\"\" width=\"375\" height=\"250\" srcset=\"http:\/\/ranchhorsepanzer.de\/wp-content\/uploads\/2017\/05\/19989807_10203519458983606_8167505595035116415_n-300x200.jpg 300w, http:\/\/ranchhorsepanzer.de\/wp-content\/uploads\/2017\/05\/19989807_10203519458983606_8167505595035116415_n-768x512.jpg 768w, http:\/\/ranchhorsepanzer.de\/wp-content\/uploads\/2017\/05\/19989807_10203519458983606_8167505595035116415_n-624x416.jpg 624w, http:\/\/ranchhorsepanzer.de\/wp-content\/uploads\/2017\/05\/19989807_10203519458983606_8167505595035116415_n.jpg 960w\" sizes=\"auto, (max-width: 375px) 100vw, 375px\" \/><br \/>\n<\/a>Sommer 2017 (ca. 5 Wochen alt)<\/p>\n<p><span style=\"color: #000000;\">Am 10.05.2017 kam in Lilienthal bei Tanja auf der Highmoor Ranch unser langersehntes <strong>STEPPIN ON SPARKS<\/strong>-Fohlen aus der <strong>Grays Starlight<\/strong> Tochter <strong>No Tailight<\/strong> zur Welt. Es ist ein h\u00fcbsches, langbeiniges Hengstfohlen in palomino.<\/span><\/p>\n<p><span style=\"color: #000000;\">Vater ist der <strong>JAC&#8217;S ELECTRIC SPARK<\/strong> Sohn <strong>STEPPIN ON SPARKS<\/strong> aus einer WIMPYS LITTLE STEP-Tochter (aus Custom Crome). Derzeit der Jac&#8217;s Electric Spark-Sohn mit der dritth\u00f6chsten LTE (\u00fcber 108.000$) (mehr Infos siehe <a style=\"color: #000000;\" href=\"http:\/\/www.hdcquarterhorses.com\/steppin-on-sparks\/\">hier<\/a>). Ein Hammer-Pferd mit Leistung, Ausstrahlung, Papier und bereits deutlich gestempelten Nachkommen (erster Jahrgang 2016). <\/span><\/p>\n<p><span style=\"color: #000000;\">Mutter ist die <strong>GRAYS STARLIGHT<\/strong>-Tochter \u201c<strong>NO TAILIGHT<\/strong>\u201d aus der NCHA Super Stakes Non Pro Champion, NCHA Non Pro Futurity 3rd ($148,729 LTE-Cutting) \u201cDocs Royal Dancer\u201d (by Doc\u2019s Prescription). No Tailight selbst ist Vollschwester zu 2005 Colorado RCHA Futurity Open Stallion Stakes Champion, 2005 Colorado RCHA Futurity Colorado Owned and Ridden Open Reserve Champion, 2005 Kalpowar CHA Futurity Intermediate Open Fence Work Co-Reserve Champion, AQHA ROM, \u2026.<br \/>\nAuch die Nachzucht von <strong>NO TAILIGHT<\/strong> hat bereits AQHA- &amp; NRHA-Platzierungen und AQHA Points, Platzierungen EWU Jungpferde Reining &amp; DQHA West Futurity errungen und besticht durch Nervenst\u00e4rke und Talent unterm Sattel.<br \/>\n\u201c<strong>NO TAILIGHT<\/strong>\u201d ist z.B. die Mutter von &#8222;<strong>SOS Lightning Star<\/strong>&#8222;, der unter seinem Eigent\u00fcmer souver\u00e4n und mit gro\u00dfem Abstand in 2017 die NRHA NRW Jahreswertung der Golden 40+ gewonnen hat. <span class=\"fbPhotoCaptionText\"><span class=\"text_exposed_show\">Und auch von \u201e<strong>CUSTOM SPOOKLIGHT&#8220;<\/strong>, die 2018 auf ihrem 1. Turnier \u00fcberhaupt 1. Platz JUPF Reining, 1. Platz Q Junior Ranch Riding, 2. Platz JUPF Trail, 2. Platz Q Junior Pleasure und einen 4. Platz JUPF Basis (alles EWU) erzielte und auf dem 2. Turnier fast all ihre Qualis voll machte (vom Amateur selbst ausgebildet).<\/span><\/span><br \/>\n<\/span><\/p>\n<div id=\"js_1c\" class=\"_5pbx userContent\" data-ft=\"{&quot;tn&quot;:&quot;K&quot;}\">\n<p><span style=\"color: #000000;\"><strong>Nowitzki<\/strong> zeigt traumhafte Bewegungen und Gangarten; bereits jetzt hat er einen Bergaufgalopp, der in seiner Leichtigkeit nicht zu \u00fcberbieten sein d\u00fcrfte. Ich selbst bin hin und weg von ihm und sehr dankbar, dass es ein Hengstfohlen geworden ist aus dieser Anpaarung. Denn ein Stutfohlen in dieser Qualit\u00e4t und G\u00fcte w\u00fcrde vermutlich kaum zum Verkauf stehen (einen weiteren Hengst k\u00f6nnen wir aber nun mal wirklich nicht gebrauchen und einen potentiellen Reitwallach eben derzeit auch nicht)!<\/span><\/p>\n<p><span style=\"color: #000000;\">Er ist 5-Panel getestet bei UC Davis \u00fcber die AQHA und IMM\/MYH1 ebenfalls bei der UC Davis. Hier die Resultate:<br \/>\n<\/span><span style=\"color: #000000;\">\u2013\u00a0<strong>PSSM1\u00a0<\/strong> n\/n<br \/>\n\u2013 <strong>HERDA\u00a0<\/strong> n\/n<br \/>\n\u2013 <strong>GBED<\/strong>\u00a0 n\/n<br \/>\n\u2013 <strong>HYPP<\/strong>\u00a0 n\/n<br \/>\n\u2013 <strong>MH<\/strong>\u00a0 n\/n<br \/>\n\u2013 <strong>IMM\/MYH1<\/strong>\u00a0 n\/n<br \/>\n<\/span><\/p>\n<\/div>\n<p><span style=\"color: #000000;\"><strong><em>\u201eNowitzki\u201c<\/em><\/strong> ist NRHA (of Germany) &amp; IRHA startberechtigt, wird auf Wunsch EWU Jungpferdechampionat einbezahlt und steht zum Verkauf in gute (gerne f\u00f6rdernde) H\u00e4nde.<br \/>\n<\/span><\/p>\n<p><strong><em>\u201eNowitzki\u201c<\/em><\/strong> steht seit Mitte Mai bei Familie S\u00fcchting in Eckershausen und wird dort in aller Ruhe auf sein sp\u00e4teres Reitpferdedasein vorbereitet.<\/p>\n<p><span style=\"color: #000000;\"><strong>Verkauf:\u00a0\u00a0 VB.<br \/>\nStandort: Gest\u00fct Eckershausen<br \/>\n<\/strong><\/span><\/p>\n<p align=\"justify\"><span style=\"color: #000000;\">Abstammung <a href=\"http:\/\/www.allbreedpedigree.com\/steppin+on+starlight\">&#8222;Nowitzki&#8220;<\/a>:<\/span><\/p>\n<table>\n<tbody>\n<tr>\n<td><span style=\"color: #000000;\">\u00a0<\/span><\/td>\n<td><span style=\"color: #000000;\">\u00a0<\/span><\/td>\n<td><span style=\"color: #000000;\">Shining Spark (Genuine Doc)<\/span><\/td>\n<\/tr>\n<tr>\n<td><span style=\"color: #000000;\">\u00a0<\/span><\/td>\n<td><span style=\"color: #000000;\">Jac&#8217;s Electric Spark<\/span><\/td>\n<td><span style=\"color: #000000;\">\u00a0<\/span><\/td>\n<\/tr>\n<tr>\n<td><span style=\"color: #000000;\">\u00a0<\/span><\/td>\n<td><span style=\"color: #000000;\">\u00a0<\/span><\/td>\n<td><span style=\"color: #000000;\">Miss Hello Hollywood (Hollywood Jac 86)<\/span><\/td>\n<\/tr>\n<tr>\n<td><span style=\"color: #000000;\">Steppin on Sparks<\/span><\/td>\n<td><span style=\"color: #000000;\">\u00a0<\/span><\/td>\n<td><span style=\"color: #000000;\">\u00a0<\/span><\/td>\n<\/tr>\n<tr>\n<td><span style=\"color: #000000;\">\u00a0<\/span><\/td>\n<td><span style=\"color: #000000;\">\u00a0<\/span><\/td>\n<td><span style=\"color: #000000;\">Wimpys Little Step (Nu Chex To Cash)<\/span><\/td>\n<\/tr>\n<tr>\n<td><span style=\"color: #000000;\">\u00a0<\/span><\/td>\n<td><span style=\"color: #000000;\">Mahoganys First Step<\/span><\/td>\n<td><span style=\"color: #000000;\">\u00a0<\/span><\/td>\n<\/tr>\n<tr>\n<td><span style=\"color: #000000;\">\u00a0<\/span><\/td>\n<td><span style=\"color: #000000;\">\u00a0<\/span><\/td>\n<td><span style=\"color: #000000;\">Custom Mahogany (Custom Crome)<\/span><\/td>\n<\/tr>\n<tr>\n<td><span style=\"color: #000000;\">\u00a0<\/span><\/td>\n<td><span style=\"color: #000000;\">\u00a0<\/span><\/td>\n<td><span style=\"color: #000000;\">\u00a0<\/span><\/td>\n<\/tr>\n<tr>\n<td><span style=\"color: #000000;\">\u00a0<\/span><\/td>\n<td><span style=\"color: #000000;\">\u00a0<\/span><\/td>\n<td><span style=\"color: #000000;\">Peppy San Badger<\/span><\/td>\n<\/tr>\n<tr>\n<td><span style=\"color: #000000;\">\u00a0<\/span><\/td>\n<td><span style=\"color: #000000;\">Grays Starlight<\/span><\/td>\n<td><span style=\"color: #000000;\">\u00a0<\/span><\/td>\n<\/tr>\n<tr>\n<td><span style=\"color: #000000;\">\u00a0<\/span><\/td>\n<td><span style=\"color: #000000;\">\u00a0<\/span><\/td>\n<td><span style=\"color: #000000;\">Docs Starlight<\/span><\/td>\n<\/tr>\n<tr>\n<td><span style=\"color: #000000;\">No Tailight<\/span><\/td>\n<td><span style=\"color: #000000;\">\u00a0<\/span><\/td>\n<td><span style=\"color: #000000;\">\u00a0<\/span><\/td>\n<\/tr>\n<tr>\n<td><span style=\"color: #000000;\">\u00a0<\/span><\/td>\n<td><span style=\"color: #000000;\">\u00a0<\/span><\/td>\n<td><span style=\"color: #000000;\">Doc\u2019s Prescription<\/span><\/td>\n<\/tr>\n<tr>\n<td><span style=\"color: #000000;\">\u00a0<\/span><\/td>\n<td><span style=\"color: #000000;\">Docs Royal Dancer<\/span><\/td>\n<td><span style=\"color: #000000;\">\u00a0<\/span><\/td>\n<\/tr>\n<tr>\n<td><span style=\"color: #000000;\">\u00a0<\/span><\/td>\n<td><span style=\"color: #000000;\">\u00a0<\/span><\/td>\n<td><span style=\"color: #000000;\">Royal Belly Dancer\u00a0(by Beaver Royal)<\/span><\/td>\n<\/tr>\n<\/tbody>\n<\/table>\n<p align=\"justify\"><span style=\"color: #000000;\"><strong>\u00a0<\/strong><\/span><\/p>\n","protected":false},"excerpt":{"rendered":"<p>STEPPIN ON STARLIGHT (pend.) (aka &#8222;Nowitzki&#8220;) STEPPIN ON SPARKS x NO TAILIGHT (AQHA, *10.05.2017, palomino, colt) Keckes Hengstfohlen mit gutem Geb\u00e4ude, einer tollen und sehr vielversprechenden Abstammung und zus\u00e4tzlich on Top noch in der Traumfarbe Palomino. We proudly present: Palomino colt by STEPPIN ON SPARKS (Jacs Electric Spark x Wimpys Little Step x Custom Crome) [&hellip;]<\/p>\n","protected":false},"author":1,"featured_media":0,"parent":0,"menu_order":0,"comment_status":"closed","ping_status":"closed","template":"","meta":{"footnotes":""},"class_list":["post-671","page","type-page","status-publish","hentry"],"_links":{"self":[{"href":"http:\/\/ranchhorsepanzer.de\/index.php?rest_route=\/wp\/v2\/pages\/671","targetHints":{"allow":["GET"]}}],"collection":[{"href":"http:\/\/ranchhorsepanzer.de\/index.php?rest_route=\/wp\/v2\/pages"}],"about":[{"href":"http:\/\/ranchhorsepanzer.de\/index.php?rest_route=\/wp\/v2\/types\/page"}],"author":[{"embeddable":true,"href":"http:\/\/ranchhorsepanzer.de\/index.php?rest_route=\/wp\/v2\/users\/1"}],"replies":[{"embeddable":true,"href":"http:\/\/ranchhorsepanzer.de\/index.php?rest_route=%2Fwp%2Fv2%2Fcomments&post=671"}],"version-history":[{"count":14,"href":"http:\/\/ranchhorsepanzer.de\/index.php?rest_route=\/wp\/v2\/pages\/671\/revisions"}],"predecessor-version":[{"id":958,"href":"http:\/\/ranchhorsepanzer.de\/index.php?rest_route=\/wp\/v2\/pages\/671\/revisions\/958"}],"wp:attachment":[{"href":"http:\/\/ranchhorsepanzer.de\/index.php?rest_route=%2Fwp%2Fv2%2Fmedia&parent=671"}],"curies":[{"name":"wp","href":"https:\/\/api.w.org\/{rel}","templated":true}]}}