{"id":71,"date":"2014-04-22T08:30:56","date_gmt":"2014-04-22T08:30:56","guid":{"rendered":"http:\/\/ranchhorsepanzer.de\/?page_id=71"},"modified":"2018-02-28T12:21:44","modified_gmt":"2018-02-28T12:21:44","slug":"no-tailight","status":"publish","type":"page","link":"http:\/\/ranchhorsepanzer.de\/?page_id=71","title":{"rendered":"NO TAILIGHT (AQHA)"},"content":{"rendered":"<p><span style=\"color: #000000;\"><strong>NO TAILIGHT<br \/>\n<\/strong><strong>AQHA, *1999, chestnut<br \/>\nDQHA Stutbuch I<\/strong><\/span><\/p>\n<p align=\"justify\"><span style=\"color: #000000;\">In 2010 ergab sich durch einen guten Freund die Gelegenheit, unseren Stuten eine weitere Perle hinzuzuf\u00fcgen:<\/span><\/p>\n<p align=\"justify\"><span style=\"color: #000000;\">Eine direkte GRAYS STARLIGHT-Tochter aus einer direkten DOC&#039;S PRESCRIPTION-Tochter ($148,729 LTE-Cutting; NCHA Super Stakes Non Pro Champion, NCHA Non Pro Futurity 3rd) die zudem noch eine der top Money Earner dieses legend\u00e4ren Vererbers war. M\u00fctterlicherseits ist sie au\u00dferdem doppelt ROYAL KING\u00a0gezogen. Performance durch und durch!<\/span><\/p>\n<p style=\"text-align: center;\" align=\"justify\"><a href=\"http:\/\/ranchhorsepanzer.de\/wp-content\/uploads\/2014\/04\/Grays.jpg\"><img loading=\"lazy\" decoding=\"async\" class=\"wp-image-199 alignleft\" src=\"http:\/\/ranchhorsepanzer.de\/wp-content\/uploads\/2014\/04\/Grays.jpg\" alt=\"Grays\" width=\"686\" height=\"500\" srcset=\"http:\/\/ranchhorsepanzer.de\/wp-content\/uploads\/2014\/04\/Grays.jpg 959w, http:\/\/ranchhorsepanzer.de\/wp-content\/uploads\/2014\/04\/Grays-300x218.jpg 300w, http:\/\/ranchhorsepanzer.de\/wp-content\/uploads\/2014\/04\/Grays-624x454.jpg 624w\" sizes=\"auto, (max-width: 686px) 100vw, 686px\" \/><\/a><\/p>\n<p style=\"text-align: right;\" align=\"justify\"><a href=\"http:\/\/ranchhorsepanzer.de\/wp-content\/uploads\/2014\/04\/a-IMG_0227-kleiner.jpg\"><img loading=\"lazy\" decoding=\"async\" class=\"alignnone size-medium wp-image-297\" src=\"http:\/\/ranchhorsepanzer.de\/wp-content\/uploads\/2014\/04\/a-IMG_0227-kleiner-196x300.jpg\" alt=\"a IMG_0227 kleiner\" width=\"196\" height=\"300\" srcset=\"http:\/\/ranchhorsepanzer.de\/wp-content\/uploads\/2014\/04\/a-IMG_0227-kleiner-196x300.jpg 196w, http:\/\/ranchhorsepanzer.de\/wp-content\/uploads\/2014\/04\/a-IMG_0227-kleiner-669x1024.jpg 669w, http:\/\/ranchhorsepanzer.de\/wp-content\/uploads\/2014\/04\/a-IMG_0227-kleiner-624x954.jpg 624w, http:\/\/ranchhorsepanzer.de\/wp-content\/uploads\/2014\/04\/a-IMG_0227-kleiner.jpg 1200w\" sizes=\"auto, (max-width: 196px) 100vw, 196px\" \/><\/a>\u00a0<a href=\"http:\/\/ranchhorsepanzer.de\/wp-content\/uploads\/2014\/04\/a-IMG_0229-kleiner.jpg\"><img loading=\"lazy\" decoding=\"async\" class=\"alignnone size-medium wp-image-298\" src=\"http:\/\/ranchhorsepanzer.de\/wp-content\/uploads\/2014\/04\/a-IMG_0229-kleiner-205x300.jpg\" alt=\"a IMG_0229 kleiner\" width=\"205\" height=\"300\" srcset=\"http:\/\/ranchhorsepanzer.de\/wp-content\/uploads\/2014\/04\/a-IMG_0229-kleiner-205x300.jpg 205w, http:\/\/ranchhorsepanzer.de\/wp-content\/uploads\/2014\/04\/a-IMG_0229-kleiner-702x1024.jpg 702w, http:\/\/ranchhorsepanzer.de\/wp-content\/uploads\/2014\/04\/a-IMG_0229-kleiner-624x910.jpg 624w, http:\/\/ranchhorsepanzer.de\/wp-content\/uploads\/2014\/04\/a-IMG_0229-kleiner.jpg 1200w\" sizes=\"auto, (max-width: 205px) 100vw, 205px\" \/><\/a><\/p>\n<p align=\"justify\"><span style=\"color: #000000;\"><em>&#8222;Die Grays&#8220;<\/em> wurde unseres Wissens nach bisher selbst nicht geshowed. Ihr Vollbruder wird in USA allerdings erfolgreich vorgestellt: Er ist Money Earner, ROM Earner und hat einige Champion und Res. Champion Titel errungen, u.a. ist er 2005 Colorado RCHA Futurity Open Stallion Stakes Champion, 2005 Colorado RCHA Futurity Colorado Owned and Ridden Open Reserve Champion, 2005 Kalpowar CHA Futurity Intermediate Open Fence Work Co-Reserve Champion.<\/span><\/p>\n<p align=\"justify\"><span style=\"color: #000000;\">Auch ihre eigene Nachzucht hat bereits Platzierungen bei AQHA- &amp; NRHA-Shows sowie auf der DQHA Westfuturity und in EWU Jungpferdepr\u00fcfung Reining erreicht. &#8222;<strong>NO TAILIGHT&#8220;<\/strong> ist z.B. die Mutter von \u201e<strong>SOS Lightning Star<\/strong>, der unter seinem Eigent\u00fcmer souver\u00e4n und mit gro\u00dfem Abstand in 2017 die NRHA NRW Jahreswertung der Golden 40+ gewonnen hat. Dar\u00fcberhinaus verf\u00fcgen sie\u00a0\u00fcber ein gutes Geb\u00e4ude und ein gutes Fundament genauso wie \u00fcber einen angenehmen Charakter. Bisher haben wir von den Eigent\u00fcmern und Reiter der Nachzucht unserer Grays nur positive R\u00fcckmeldungen bekommen.<br \/>\n<\/span><\/p>\n<p align=\"justify\"><span style=\"color: #000000;\">2013 wurde sie aufgrund ihrer Nachkommenleistung (hier z\u00e4hlen nur die AQHA eingetragenen Fohlen!) in das <strong>DQHA Stutbuch I<\/strong> eingetragen.<\/span><\/p>\n<p align=\"justify\"><span style=\"color: #000000;\"><span style=\"text-decoration: underline;\"><b>Dam of: <\/b><br \/>\n<\/span>&#8211; Fohlenschausieger (PHCG)<\/span><br \/>\n<span style=\"color: #000000;\"> &#8211; PHCG Pr\u00e4mienfohlen<\/span><br \/>\n<span style=\"color: #000000;\"> &#8211; NRHA Platzierungen<br \/>\n<span style=\"color: #000000;\"> &#8211; AQHA Platzierungen<\/span><br \/>\n<span style=\"color: #000000;\"> &#8211; Platzierung EWU Jungpferde Reining<br \/>\n&#8211; Platzierung DQHA West Futurity Reining<br \/>\n&#8211; NRHA NRW Jahreswertung &#8222;Golden 40+ Champion&#8220;<br \/>\n<\/span><\/span><\/p>\n<p align=\"justify\"><span style=\"color: #000000;\">Mehr Informationen \u00fcber diese Stute werden wir (nach und nach) noch einstellen.<\/span><\/p>\n<p align=\"justify\"><span style=\"color: #000000;\">DNA-Testergebnisse:<\/span><br \/>\n<span style=\"color: #000000;\"> &#8211; PSSM1 n\/n<\/span><br \/>\n<span style=\"color: #000000;\"> &#8211; HERDA n\/n<\/span><br \/>\n<span style=\"color: #000000;\"> &#8211;\u00a0GBED n\/n<\/span><br \/>\n<span style=\"color: #000000;\"><br \/>\n<em>&#8222;Die Grays&#8220;<\/em> brachte am 06.05.2015 ein wundervolles Stutfohlen von <strong>LEGENDARY PLAYER<\/strong> (APHA, ARC PLAYSOPHIE x CHARMING LITTLE LUNA) in einem satten Bay zur Welt (Stern, Schnippe, 1 wei\u00dfer Fu\u00df). Die kleine Maus ist bildh\u00fcbsch, gut gebaut, neugierig und zeigt sehr sch\u00f6ne Bewegungen und eine tolle Athletik. Das performance-durchgezogene Reining-Papier ist erstklassig!\u00a0Das St\u00fctchen steht zum Verkauf (siehe <a href=\"http:\/\/ranchhorsepanzer.de\/?page_id=418\">hier<\/a>).<\/span><\/p>\n<p align=\"justify\"><span style=\"color: #000000;\"><span style=\"text-decoration: underline;\"><strong>NEWSFLASH:<\/strong><\/span> Wir k\u00f6nnen nun erfreut verk\u00fcnden: <strong>NO TAILGHT<\/strong> hat am 10.05.2017 ein wundervolles palomino-farbenes Hengstfohlen von All American Quarter Horse Congress Junior Reining Champion (2014), 2014 AQHA World Show 3rd place &amp; 2015\u00a0AQHA World Show Senior Reining 3rd (and much more! &#8211; LTE over 107.000 $)\u00a0 <strong>STEPPIN ON SPARKS<\/strong> (Jacs Electric Spark x Wimpys Little Step x Custom Crome) bekommen. Infos \u00fcber den Hengst finden Sie auf der Homepage von <a href=\"http:\/\/www.hdcquarterhorses.com\/steppin-on-sparks\/\">HDC Quarter Horses<\/a> und\/oder auf <a href=\"https:\/\/www.facebook.com\/SteppinOnSparks\/\">facebook<\/a>!<br \/>\n<\/span><\/p>\n<p align=\"justify\"><strong><span style=\"color: #000000;\">Das Hengstfohlen aus dieser Anpaarung steht zum Verkauf, sprechen Sie uns einfach an! Mehr Infos <a href=\"http:\/\/ranchhorsepanzer.de\/?page_id=671\">hier<\/a>.<br \/>\n<\/span><\/strong><\/p>\n<p align=\"justify\"><span style=\"color: #000000;\">Abstammung <strong>NO TAILIGHT<\/strong>:<\/span><\/p>\n<table>\n<tbody>\n<tr>\n<td><\/td>\n<td><span style=\"color: #000000;\">\u00a0<\/span><\/td>\n<td><span style=\"color: #000000;\">\u00a0Mr San Peppy<\/span><\/td>\n<\/tr>\n<tr>\n<td><span style=\"color: #000000;\">\u00a0<\/span><\/td>\n<td><span style=\"color: #000000;\">\u00a0Peppy San Badger<\/span><\/td>\n<td><span style=\"color: #000000;\">\u00a0<\/span><\/td>\n<\/tr>\n<tr>\n<td><span style=\"color: #000000;\">\u00a0<\/span><\/td>\n<td><span style=\"color: #000000;\">\u00a0<\/span><\/td>\n<td><span style=\"color: #000000;\">\u00a0Sugar Badger<\/span><\/td>\n<\/tr>\n<tr>\n<td><span style=\"color: #000000;\">\u00a0Grays Starlight <\/span><\/td>\n<td><span style=\"color: #000000;\">\u00a0<\/span><\/td>\n<td><span style=\"color: #000000;\">\u00a0<\/span><\/td>\n<\/tr>\n<tr>\n<td><span style=\"color: #000000;\">\u00a0<\/span><\/td>\n<td><span style=\"color: #000000;\">\u00a0<\/span><\/td>\n<td><span style=\"color: #000000;\">\u00a0Doc Bar<br \/>\n<\/span><\/td>\n<\/tr>\n<tr>\n<td><span style=\"color: #000000;\">\u00a0<\/span><\/td>\n<td><span style=\"color: #000000;\">\u00a0Docs Starlight<br \/>\n<\/span><\/td>\n<td><span style=\"color: #000000;\">\u00a0<\/span><\/td>\n<\/tr>\n<tr>\n<td><span style=\"color: #000000;\">\u00a0<\/span><\/td>\n<td><span style=\"color: #000000;\">\u00a0<\/span><\/td>\n<td><span style=\"color: #000000;\">\u00a0Tasa Tivio (by Poco Tivio)<\/span><\/td>\n<\/tr>\n<tr>\n<td><span style=\"color: #000000;\">\u00a0<\/span><\/td>\n<td><span style=\"color: #000000;\">\u00a0<\/span><\/td>\n<td><span style=\"color: #000000;\">\u00a0<\/span><\/td>\n<\/tr>\n<tr>\n<td><span style=\"color: #000000;\">\u00a0<\/span><\/td>\n<td><span style=\"color: #000000;\">\u00a0<\/span><\/td>\n<td><span style=\"color: #000000;\">\u00a0Doc Bar<br \/>\n<\/span><\/td>\n<\/tr>\n<tr>\n<td><span style=\"color: #000000;\">\u00a0<\/span><\/td>\n<td><span style=\"color: #000000;\">\u00a0Docs Prescription<br \/>\n<\/span><\/td>\n<td><span style=\"color: #000000;\">\u00a0<\/span><\/td>\n<\/tr>\n<tr>\n<td><span style=\"color: #000000;\">\u00a0<\/span><\/td>\n<td><span style=\"color: #000000;\">\u00a0<\/span><\/td>\n<td><span style=\"color: #000000;\">\u00a0 Jameen Tivio (by Poco Tivio)<br \/>\n<\/span><\/td>\n<\/tr>\n<tr>\n<td><span style=\"color: #000000;\">\u00a0Docs Royal Dancer<br \/>\n<\/span><\/td>\n<td><span style=\"color: #000000;\">\u00a0<\/span><\/td>\n<td><span style=\"color: #000000;\">\u00a0<\/span><\/td>\n<\/tr>\n<tr>\n<td><span style=\"color: #000000;\">\u00a0<\/span><\/td>\n<td><span style=\"color: #000000;\">\u00a0<\/span><\/td>\n<td><span style=\"color: #000000;\"> \u00a0Beaver Royal (by Royal King)<br \/>\n<\/span><\/td>\n<\/tr>\n<tr>\n<td><span style=\"color: #000000;\">\u00a0<\/span><\/td>\n<td><span style=\"color: #000000;\">\u00a0Royal Belly Dancer<br \/>\n<\/span><\/td>\n<td><span style=\"color: #000000;\">\u00a0<\/span><\/td>\n<\/tr>\n<tr>\n<td><span style=\"color: #000000;\">\u00a0<\/span><\/td>\n<td><span style=\"color: #000000;\">\u00a0<\/span><\/td>\n<td><span style=\"color: #000000;\">\u00a0Miss Bell King (by Royal King)<\/span><\/td>\n<\/tr>\n<\/tbody>\n<\/table>\n<p align=\"justify\"><span style=\"color: #000000;\"><strong>\u00a0<\/strong><\/span><\/p>\n","protected":false},"excerpt":{"rendered":"<p>NO TAILIGHT AQHA, *1999, chestnut DQHA Stutbuch I In 2010 ergab sich durch einen guten Freund die Gelegenheit, unseren Stuten eine weitere Perle hinzuzuf\u00fcgen: Eine direkte GRAYS STARLIGHT-Tochter aus einer direkten DOC&#039;S PRESCRIPTION-Tochter ($148,729 LTE-Cutting; NCHA Super Stakes Non Pro Champion, NCHA Non Pro Futurity 3rd) die zudem noch eine der top Money Earner dieses [&hellip;]<\/p>\n","protected":false},"author":1,"featured_media":0,"parent":48,"menu_order":0,"comment_status":"closed","ping_status":"closed","template":"page-templates\/full-width.php","meta":{"footnotes":""},"class_list":["post-71","page","type-page","status-publish","hentry"],"_links":{"self":[{"href":"http:\/\/ranchhorsepanzer.de\/index.php?rest_route=\/wp\/v2\/pages\/71","targetHints":{"allow":["GET"]}}],"collection":[{"href":"http:\/\/ranchhorsepanzer.de\/index.php?rest_route=\/wp\/v2\/pages"}],"about":[{"href":"http:\/\/ranchhorsepanzer.de\/index.php?rest_route=\/wp\/v2\/types\/page"}],"author":[{"embeddable":true,"href":"http:\/\/ranchhorsepanzer.de\/index.php?rest_route=\/wp\/v2\/users\/1"}],"replies":[{"embeddable":true,"href":"http:\/\/ranchhorsepanzer.de\/index.php?rest_route=%2Fwp%2Fv2%2Fcomments&post=71"}],"version-history":[{"count":20,"href":"http:\/\/ranchhorsepanzer.de\/index.php?rest_route=\/wp\/v2\/pages\/71\/revisions"}],"predecessor-version":[{"id":742,"href":"http:\/\/ranchhorsepanzer.de\/index.php?rest_route=\/wp\/v2\/pages\/71\/revisions\/742"}],"up":[{"embeddable":true,"href":"http:\/\/ranchhorsepanzer.de\/index.php?rest_route=\/wp\/v2\/pages\/48"}],"wp:attachment":[{"href":"http:\/\/ranchhorsepanzer.de\/index.php?rest_route=%2Fwp%2Fv2%2Fmedia&parent=71"}],"curies":[{"name":"wp","href":"https:\/\/api.w.org\/{rel}","templated":true}]}}