{"id":78,"date":"2014-04-22T08:34:55","date_gmt":"2014-04-22T08:34:55","guid":{"rendered":"http:\/\/ranchhorsepanzer.de\/?page_id=78"},"modified":"2018-09-28T10:56:21","modified_gmt":"2018-09-28T10:56:21","slug":"charming-little-luna-apha","status":"publish","type":"page","link":"http:\/\/ranchhorsepanzer.de\/?page_id=78","title":{"rendered":"CHARMING LITTLE LUNA (APHA)"},"content":{"rendered":"<p><span style=\"color: #000000;\"><strong>CHARMING LITTLE LUNA <span style=\"font-size: medium;\">(APHA, *2004, brown\/tob.)<\/span><\/strong><\/span><\/p>\n<p><img loading=\"lazy\" decoding=\"async\" class=\"aligncenter\" src=\"http:\/\/asmokinlittlegun.de\/resources\/_wsb_300x443_Luna+02.jpg\" alt=\"\" width=\"300\" height=\"443\" border=\"0\" hspace=\"0\" \/><\/p>\n<p><span style=\"color: #000000;\"><strong><span style=\"font-size: medium;\">SOLD to a verry nice home!<br \/>\nDanke an Elke; ihr werden ganz bestimmt ein Traum-Team!<\/span><\/strong><\/span><\/p>\n<p align=\"justify\"><span style=\"color: #000000;\">Luna\u00a0hat sich als Turnierpferd bereits mehr als bew\u00e4hrt (siehe unten), macht immer alles mit (egal ob Halter\/Showmanship, Pleasure, Hunter, Trail,\u00a0Reining oder auch Rinderklassen). Aus als Freizeitpferd eine Perle, denn sie ist sowohl alleine als auch in der Gruppe im Gel\u00e4nde absolut easy zu reiten! Auch jugendliche Reiter oder Kinder sind mit ihr bisher immer gut klar gekommen.<\/span><\/p>\n<p align=\"justify\"><strong><span style=\"color: #000000;\">Da <strong>bei einem Routinetest in 2011 festgestellt wurde, dass Luna Tr\u00e4gerin des Gendefeks GYS 1 ist (PSSM1 Testergebnis: pssm\/n), haben wir sie aus der Zucht genommen und als reines Reitpferd in gute H\u00e4nde verkauft<\/strong>.<\/span><\/strong><\/p>\n<p align=\"justify\"><span style=\"color: #000000;\">Sie ist bisher nicht an PSSM erkrankt (nicht mal eine unerkl\u00e4rliche Steifheit oder so!). Auch der Vater (von dem sie es haben muss) ist bis ins hohe Alter hinein ohne jegliche Probleme gewesen. Dies und die Tatsache, dass sie \u00fcber das &#8222;typische Erkrankungsalter&#8220; bereits hinaus ist, l\u00e4\u00dft uns hoffen, dass bei ihr bei richtiger Haltung &amp;\u00a0F\u00fctterung die Erkrankung nie ausbricht und sie noch viele sch\u00f6ne Jahre als Reitpferd oder auch als Turnierpferd haben wird!<\/span><\/p>\n<p align=\"justify\"><span style=\"color: #000000;\">Charming Little Luna wurde seinerzeit als Fohlen durch Herrn von Kleist mit einer 7,4 bewertet und somit als <strong>Pr\u00e4mienfohlen beim PHCG<\/strong> eingetragen. Als F\u00fcnfj\u00e4hrige wurde sie durch das Richterteam von und mit Dr. Roland Ramsauer mit einer <strong>8,3<\/strong> bewertet: Typ 8,5; Geb\u00e4ude 8,5; Gangkorrektheit 8; Gangschwung 8; Gesamteindruck 8,5.<\/span><\/p>\n<p style=\"text-align: center;\" align=\"justify\"><span style=\"color: #000000;\">(Charming Little Luna, 2j\u00e4hrig)<\/span><\/p>\n<p align=\"justify\"><span style=\"color: #000000;\">Sie ist eine korrekt gebaute Paintstute mit einer \u00fcberdurchschnittlichen Leistungsbereitschaft. So hat sie nicht nur mehrfach die Western Pleasure Futurity und Maturity des PHCG gewonnen sondern ist hierneben auch NRHA Futurity Finalist. Au\u00dferdem hat sie ihren Cow Sense bewiesen, indem sie 2009 erste Platzierungen in Cutting und Working Cowhorse erlangte und German Leading Bred in\u00a0Working Cow Horse Amateur wurde.<\/span><\/p>\n<p align=\"justify\"><span style=\"color: #000000;\">Parallel\u00a0zu ihren gro\u00dfen Erfolgen in der Western Pleasure hat sie ihr gro\u00dfes Allroundtalent bewiesen, indem sie 2008 NRHA Futurity Finalist und NRHA money Earner, 2008 4te der PHCG Reining Futurity und 2009 4te der PHCG Reining Futurity wurde. Gleichzeitig hat sie Siege und Platzierungen in verschiedenen APHA Disziplinen (Western Pleasure, Reining, Trail, Working Cowhorse, Tobiano Color Class, Halter) und in der NSBA Western Pleasure und Hunter under Saddle errungen.\u00a0<\/span><\/p>\n<p><span style=\"color: #000000;\">Luna ist <strong>PHCG money earner<\/strong>, <strong>NRHA money earner<\/strong> und <strong>NSBA money earner<\/strong> mit einer <strong>LTE \u00fcber 12.600 US$<\/strong>!<\/span><\/p>\n<p align=\"justify\"><span style=\"color: #000000;\"><strong><span style=\"text-decoration: underline;\">Erfolge:<\/span><\/strong> <\/span><br \/>\n<span style=\"color: #000000;\">&#8211; APHA Points Earner (Halter &amp; Performance, insges. 34 Punkte) <\/span><br \/>\n<span style=\"color: #000000;\">&#8211; Siege und Platzierungen Halter Mares <\/span><br \/>\n<span style=\"color: #000000;\">&#8211; Grand Champion Halter Mares <\/span><br \/>\n<span style=\"color: #000000;\">&#8211; Siege und Platzierungen in Trail, Western Pleasure, Working Cowhorse, Reining,<\/span><br \/>\n<span style=\"color: #000000;\">\u00a0 Tobiano Color Class, \u2026 <\/span><br \/>\n<span style=\"color: #000000;\">&#8211; Platzierungen NRHA <\/span><br \/>\n<span style=\"color: #000000;\">&#8211; Platzierungen NSBA <\/span><br \/>\n<span style=\"color: #000000;\">&#8211; NSBA Junior Western Pleasure Open Reserve Champion <\/span><br \/>\n<span style=\"color: #000000;\">&#8211; 2nd German Championship weanling mares 2004 <\/span><br \/>\n<span style=\"color: #000000;\">&#8211; 3rd Yearling in Hand Trail European Championship 2005 <\/span><br \/>\n<span style=\"color: #000000;\">&#8211; Bronze European Champion 2-year-old Mares 2006 <\/span><br \/>\n<span style=\"color: #000000;\">&#8211; Deutscher Vize-Meister 2-year-old Mares 2006 <\/span><br \/>\n<span style=\"color: #000000;\">&#8211; High Point Horse 2006 2-year-old Mares <\/span><br \/>\n<span style=\"color: #000000;\">&#8211; Leading German Bred 2006 2-year-old Mares <\/span><br \/>\n<span style=\"color: #000000;\">&#8211; PHCG Regionalgruppenmeister Nord Open Tobiano Color Class <\/span><br \/>\n<span style=\"color: #000000;\">&#8211; PHCG Regionalgruppenmeister Nord Open Junior Reining <\/span><br \/>\n<span style=\"color: #000000;\">&#8211; PHCG Regionalgruppenmeister Nord Amateur Junior Western Pleasure <\/span><br \/>\n<span style=\"color: #000000;\">&#8211; Bronze German Champion Novice Amateur Western Pleasure 2009 <\/span><br \/>\n<span style=\"color: #000000;\">&#8211; Bronze European Champion Amateur Western Pleasure 2009 <\/span><br \/>\n<span style=\"color: #000000;\">&#8211; German Champion Amateur Western Pleasure 2009 <\/span><br \/>\n<span style=\"color: #000000;\">&#8211; EPHC Top 10 Amateur Reining <\/span><br \/>\n<span style=\"color: #000000;\">&#8211; High Point Horse 2009 Amateur Jr. Western Pleasure <\/span><br \/>\n<span style=\"color: #000000;\">&#8211; Res. High Point Horse 2009 Amateur Working Cowhorse all ages <\/span><br \/>\n<span style=\"color: #000000;\">&#8211; Leading German Bred 2009 Amateur Jr. Western Pleasure <\/span><br \/>\n<span style=\"color: #000000;\">&#8211; Leading German Bred 2009 Amateur Working Cowhorse all ages <\/span><br \/>\n<span style=\"color: #000000;\">&#8211; Leading German Bred 2009 Novice Amateur Showmanship <\/span><br \/>\n<span style=\"color: #000000;\">&#8211; PHCG Western Pleasure Futurity Champion 2007 <\/span><br \/>\n<span style=\"color: #000000;\">&#8211; PHCG Western Pleasure Futurity Champion 2008 <\/span><br \/>\n<span style=\"color: #000000;\">&#8211; PHCG Western Pleasure Maturity Reserve Champion 2009 <\/span><br \/>\n<span style=\"color: #000000;\">&#8211; 4th PHCG Reining Futurity 2008 (bester Amateur!) <\/span><br \/>\n<span style=\"color: #000000;\">&#8211; 4th PHCG Reining Futurity 2009 <\/span><br \/>\n<span style=\"color: #000000;\">&#8211; NRHA Breeders Futurity Bit Non Pro Finalist <\/span><br \/>\n<span style=\"color: #000000;\">&#8211; PHCG money earner <\/span><br \/>\n<span style=\"color: #000000;\">&#8211; NRHA money earner <\/span><br \/>\n<span style=\"color: #000000;\">&#8211; NSBA money earner <\/span><br \/>\n<span style=\"color: #000000;\">&#8211;\u00a0LTE: \u00fcber 12.600 US$ (umgerechnet)\u00a0<\/span><\/p>\n<p align=\"justify\"><span style=\"color: #000000;\"><strong><span style=\"text-decoration: underline;\">Dam of:<\/span><\/strong> <\/span><br \/>\n<span style=\"color: #000000;\">&#8211;\u00a0Fohlenschau Res. Champion der Hengstfohlen (Oranienburg 2010)r<br \/>\n&#8211; EWU Platzierungen (Ranch Riding, Trail)<br \/>\n<\/span><\/p>\n<p align=\"justify\"><span style=\"color: #000000;\">Abstammung <a href=\"http:\/\/www.allbreedpedigree.com\/charming+little+luna\" target=\"_blank\" rel=\"noopener\"><span style=\"color: #000000;\">Charming Little Luna<\/span><\/a><\/span><\/p>\n","protected":false},"excerpt":{"rendered":"<p>CHARMING LITTLE LUNA (APHA, *2004, brown\/tob.) SOLD to a verry nice home! Danke an Elke; ihr werden ganz bestimmt ein Traum-Team! Luna\u00a0hat sich als Turnierpferd bereits mehr als bew\u00e4hrt (siehe unten), macht immer alles mit (egal ob Halter\/Showmanship, Pleasure, Hunter, Trail,\u00a0Reining oder auch Rinderklassen). Aus als Freizeitpferd eine Perle, denn sie ist sowohl alleine als [&hellip;]<\/p>\n","protected":false},"author":1,"featured_media":0,"parent":48,"menu_order":0,"comment_status":"closed","ping_status":"closed","template":"page-templates\/full-width.php","meta":{"footnotes":""},"class_list":["post-78","page","type-page","status-publish","hentry"],"_links":{"self":[{"href":"http:\/\/ranchhorsepanzer.de\/index.php?rest_route=\/wp\/v2\/pages\/78","targetHints":{"allow":["GET"]}}],"collection":[{"href":"http:\/\/ranchhorsepanzer.de\/index.php?rest_route=\/wp\/v2\/pages"}],"about":[{"href":"http:\/\/ranchhorsepanzer.de\/index.php?rest_route=\/wp\/v2\/types\/page"}],"author":[{"embeddable":true,"href":"http:\/\/ranchhorsepanzer.de\/index.php?rest_route=\/wp\/v2\/users\/1"}],"replies":[{"embeddable":true,"href":"http:\/\/ranchhorsepanzer.de\/index.php?rest_route=%2Fwp%2Fv2%2Fcomments&post=78"}],"version-history":[{"count":10,"href":"http:\/\/ranchhorsepanzer.de\/index.php?rest_route=\/wp\/v2\/pages\/78\/revisions"}],"predecessor-version":[{"id":886,"href":"http:\/\/ranchhorsepanzer.de\/index.php?rest_route=\/wp\/v2\/pages\/78\/revisions\/886"}],"up":[{"embeddable":true,"href":"http:\/\/ranchhorsepanzer.de\/index.php?rest_route=\/wp\/v2\/pages\/48"}],"wp:attachment":[{"href":"http:\/\/ranchhorsepanzer.de\/index.php?rest_route=%2Fwp%2Fv2%2Fmedia&parent=78"}],"curies":[{"name":"wp","href":"https:\/\/api.w.org\/{rel}","templated":true}]}}