{"id":922,"date":"2019-05-11T14:39:37","date_gmt":"2019-05-11T14:39:37","guid":{"rendered":"http:\/\/ranchhorsepanzer.de\/?page_id=922"},"modified":"2019-06-07T10:41:37","modified_gmt":"2019-06-07T10:41:37","slug":"news-2019","status":"publish","type":"page","link":"http:\/\/ranchhorsepanzer.de\/?page_id=922","title":{"rendered":"News 2019"},"content":{"rendered":"\n<p><strong>06.06.2019 &#8211; Herzlichen Gl\u00fcckwunsch an Nadine und ihren \u201eA Gun Surprise\u201c<\/strong><\/p>\n\n\n\n<p>Auf der Doppelshow in Kreuth haben sie\nin der Q LK 2\/1 jun Trail unter beiden Richtern mit einer 72,5 einen\nhervorragenden 4. Platz (und damit auch gleich ihre Qulaifikation f\u00fcr die German\nOpen) und in der Youngstars Challenge 6j\u00e4hrig (LK1-3) einen 6. Platz (und damit\n\u201eeine halbe Quali\u201c) errungen.<\/p>\n\n\n\n<p>Au\u00dferdem hat A Gun Surprise in der LK 4\/5A Western Horsemanship mit einer 77,5 den Sieg errungen, in der LK 4\/5A Trail den 2. Platz und in der LK 1 jun. Trail ebenfalls einen 2. Platz.<\/p>\n\n\n\n<p>Herzlichen Gl\u00fcckwunsch an die Reiterinnen! Ich freue mich mit euch!!<\/p>\n\n\n\n<figure class=\"wp-block-image is-resized\"><img loading=\"lazy\" decoding=\"async\" src=\"http:\/\/ranchhorsepanzer.de\/wp-content\/uploads\/2018\/10\/GO1_8813-683x1024.jpg\" alt=\"\" class=\"wp-image-893\" width=\"171\" height=\"256\"\/><figcaption>(Foto by LuxCompany, GO 2018)<\/figcaption><\/figure>\n\n\n\n<p><strong>09.05.2019 &#8211; Hengstfohlen aus der AYANA SPACTICKLES FP von A SMOKIN LITTLE GUN<\/strong><br \/>Herzlichen  Gl\u00fcckwunsch an Astrid Croft zur Geburt des super schicken Hengstfohlens aus ihrer   Ayana Spactickles FP (APHA). Ich konnte mit den Kleinen schon selbst anschauen und bin hin und weg &#8211; der ist einfach super gut gelungen! Ein Black-Overo; wie bestellt!  ~ Fotos folgen ~   <\/p>\n\n\n\n<p><\/p>\n\n\n<p><strong data-rich-text-format-boundary=\"true\">18.04.2019 &#8211; Stutfohlen von LATE NIGHT STOPPER!<\/strong><br \/><!--StartFragment--><\/p>\n\n\n<p><strong>Ein lanbeiniges Stutfohlen mit klarem Fundament, gutem Geb\u00e4ude, einer Abstammung zum Niederknien und als Sahneh\u00e4ubchen auch noch in Buckskin.<\/strong> <br \/>We  proudly present: Buckskin filly by LATE NIGHT STOPPER (Jacs Electric   Spark x BEST STOP) out of THE BESTEST (Yellow Roan of Texas x  Reminic), * 18.04.19. <br \/>\u201eBetzy\u201c will hopefully be registered as <a href=\"https:\/\/www.allbreedpedigree.com\/best+before+midnight3\">Best before Midnight<\/a> and will be for sale only into a verry good home!<br \/>More to come! \ud83d\ude09 Mehr Infos in K\u00fcrze <strong>.<\/strong><\/p>\n\n\n\n<figure class=\"wp-block-image is-resized\"><img loading=\"lazy\" decoding=\"async\" src=\"http:\/\/ranchhorsepanzer.de\/wp-content\/uploads\/2019\/05\/aa-IMG_4497-kleiner.jpg\" alt=\"\" class=\"wp-image-929\" width=\"500\" height=\"353\" srcset=\"http:\/\/ranchhorsepanzer.de\/wp-content\/uploads\/2019\/05\/aa-IMG_4497-kleiner.jpg 1000w, http:\/\/ranchhorsepanzer.de\/wp-content\/uploads\/2019\/05\/aa-IMG_4497-kleiner-300x212.jpg 300w, http:\/\/ranchhorsepanzer.de\/wp-content\/uploads\/2019\/05\/aa-IMG_4497-kleiner-768x541.jpg 768w, http:\/\/ranchhorsepanzer.de\/wp-content\/uploads\/2019\/05\/aa-IMG_4497-kleiner-624x440.jpg 624w\" sizes=\"auto, (max-width: 500px) 100vw, 500px\" \/><\/figure>\n\n\n\n<p><strong>13.04.2019 &#8211; Stutfohlen aus der PB Of Lena Brown 777 von A SMOKIN LITTLE GUN<\/strong><br \/>Herzlichen Gl\u00fcckwunsch an Familie Bunk zur Geburt des tollen Stutfohlen aus ihrer PB Of Lena Brown 777 (AQHA). Ein St\u00fctchen mit vier mal wei\u00df und blauen Augen!  ~ Fotos folgen ~  <\/p>\n\n\n\n<p>  <br \/><strong>09.04.2019 &#8211; Stutfohlen aus der Miacada von A SMOKIN LITTLE GUN<\/strong> <br \/>Herzlichen Gl\u00fcckwunsch an Tanja zu der Geburt dem schicken Stutfohlen aus ihrer Miacada (AIH). ~ Fotos folgen ~ <br \/>Sollte Interesse am Kauf dieses Stutfohlens bestehen, sprechen Sie uns einfach an; gerne vermitteln wir den Kontak zur Z\u00fcchterin!! <br \/>(PS: Es gibt bereits eine Vollschwester aus 2018, die so sehr \u00fcberzeugt hat, dass sie voraussichtlich nicht verkauft wird; angeschaut werden kann sie aber bestimmt \ud83d\ude09 ) <\/p>\n\n\n\n<figure class=\"wp-block-image is-resized\"><img loading=\"lazy\" decoding=\"async\" src=\"http:\/\/ranchhorsepanzer.de\/wp-content\/uploads\/2019\/05\/59079220_2741868725855189_5288619692305416192_n.jpg\" alt=\"\" class=\"wp-image-939\" width=\"253\" height=\"253\" srcset=\"http:\/\/ranchhorsepanzer.de\/wp-content\/uploads\/2019\/05\/59079220_2741868725855189_5288619692305416192_n.jpg 505w, http:\/\/ranchhorsepanzer.de\/wp-content\/uploads\/2019\/05\/59079220_2741868725855189_5288619692305416192_n-150x150.jpg 150w, http:\/\/ranchhorsepanzer.de\/wp-content\/uploads\/2019\/05\/59079220_2741868725855189_5288619692305416192_n-300x300.jpg 300w\" sizes=\"auto, (max-width: 253px) 100vw, 253px\" \/><\/figure>\n\n\n\n<figure class=\"wp-block-image is-resized\"><img loading=\"lazy\" decoding=\"async\" src=\"http:\/\/ranchhorsepanzer.de\/wp-content\/uploads\/2019\/05\/61448723_2434174393283216_7676955622977306624_o-839x1024.jpg\" alt=\"\" class=\"wp-image-945\" width=\"210\" height=\"256\"\/><\/figure>\n\n\n\n<p><strong>11.05.2019 &#8211; Fehler der Homepage endlich behoben!!<br \/><\/strong><\/p>\n\n\n\n<p>Endlich ist der Fehler der Homepage behoben und wir sind wieder online!  In den n\u00e4chsten Tagen werde ich versuchen, nach und nach die bisherigen  Neuigkeiten aus 2019 einzustellen. Inzwischen sind schon 3 Fohlen von A  SMOKIN LITTLE GUN geboren, die Z\u00fcchter sind zufrieden mit ihnen und die  Decksaison ist bereits in vollem Gange. <\/p>\n","protected":false},"excerpt":{"rendered":"<p>06.06.2019 &#8211; Herzlichen Gl\u00fcckwunsch an Nadine und ihren \u201eA Gun Surprise\u201c Auf der Doppelshow in Kreuth haben sie in der Q LK 2\/1 jun Trail unter beiden Richtern mit einer 72,5 einen hervorragenden 4. Platz (und damit auch gleich ihre Qulaifikation f\u00fcr die German Open) und in der Youngstars Challenge 6j\u00e4hrig (LK1-3) einen 6. Platz [&hellip;]<\/p>\n","protected":false},"author":1,"featured_media":0,"parent":0,"menu_order":0,"comment_status":"closed","ping_status":"closed","template":"page-templates\/full-width.php","meta":{"footnotes":""},"class_list":["post-922","page","type-page","status-publish","hentry"],"_links":{"self":[{"href":"http:\/\/ranchhorsepanzer.de\/index.php?rest_route=\/wp\/v2\/pages\/922","targetHints":{"allow":["GET"]}}],"collection":[{"href":"http:\/\/ranchhorsepanzer.de\/index.php?rest_route=\/wp\/v2\/pages"}],"about":[{"href":"http:\/\/ranchhorsepanzer.de\/index.php?rest_route=\/wp\/v2\/types\/page"}],"author":[{"embeddable":true,"href":"http:\/\/ranchhorsepanzer.de\/index.php?rest_route=\/wp\/v2\/users\/1"}],"replies":[{"embeddable":true,"href":"http:\/\/ranchhorsepanzer.de\/index.php?rest_route=%2Fwp%2Fv2%2Fcomments&post=922"}],"version-history":[{"count":11,"href":"http:\/\/ranchhorsepanzer.de\/index.php?rest_route=\/wp\/v2\/pages\/922\/revisions"}],"predecessor-version":[{"id":954,"href":"http:\/\/ranchhorsepanzer.de\/index.php?rest_route=\/wp\/v2\/pages\/922\/revisions\/954"}],"wp:attachment":[{"href":"http:\/\/ranchhorsepanzer.de\/index.php?rest_route=%2Fwp%2Fv2%2Fmedia&parent=922"}],"curies":[{"name":"wp","href":"https:\/\/api.w.org\/{rel}","templated":true}]}}