{"id":99,"date":"2014-04-22T08:52:37","date_gmt":"2014-04-22T08:52:37","guid":{"rendered":"http:\/\/ranchhorsepanzer.de\/?page_id=99"},"modified":"2018-02-28T12:22:51","modified_gmt":"2018-02-28T12:22:51","slug":"abstammung","status":"publish","type":"page","link":"http:\/\/ranchhorsepanzer.de\/?page_id=99","title":{"rendered":"Abstammung"},"content":{"rendered":"<div id=\"sub_container2\">\n<div id=\"content_container\">\n<p align=\"justify\"><span style=\"color: #000000;\"><strong>Erfolg ist erblich!<\/strong><\/span><\/p>\n<p align=\"justify\"><span style=\"color: #000000;\"><strong>Setzen auch Sie auf ein korrektes Geb\u00e4ude &amp; Fundament, gepaart mit einem guten Charakter und einer hochkar\u00e4tigen Abstammung, deren Namen einen gro\u00dfen Einfluss auf die heutige Reining- und Cuttingszene haben.<\/strong><\/span><\/p>\n<p align=\"justify\"><span style=\"color: #000000;\">Das Pedigree von A Smokin Little Gun liest sich wie das &#8222;Who is Who&#8220; der Cutting-\/Cow Horse-Zucht. Aber auch in der Reiningzucht sind diese Blutlinien alles andere als unbekannt, denn auch hier haben sich diese Linien nicht nur selbst bewiesen, es resultieren aus ihnen\u00a0au\u00dferdem viele der heutigen &#8222;gro\u00dfen Champions und Vererber&#8220;.<\/span><\/p>\n<p align=\"justify\"><span style=\"color: #000000;\"><strong><span style=\"text-decoration: underline;\">A Smokin Little Gun:<\/span><\/strong><\/span><\/p>\n<table>\n<tbody>\n<tr>\n<td><span style=\"color: #000000;\">\u00a0<\/span><\/td>\n<td><span style=\"color: #000000;\">\u00a0<\/span><\/td>\n<td><span style=\"color: #000000;\">Doc O&#8217;Lena<\/span><\/td>\n<\/tr>\n<tr>\n<td><span style=\"color: #000000;\">\u00a0<\/span><\/td>\n<td><span style=\"color: #000000;\">\u00a0Smart Little Lena<\/span><\/td>\n<td><span style=\"color: #000000;\">\u00a0<\/span><\/td>\n<\/tr>\n<tr>\n<td><span style=\"color: #000000;\">\u00a0<\/span><\/td>\n<td><span style=\"color: #000000;\">\u00a0<\/span><\/td>\n<td><span style=\"color: #000000;\">Smart Peppy<\/span><\/td>\n<\/tr>\n<tr>\n<td><span style=\"color: #000000;\">WR Smart Lil Oak (AQHA) <\/span><br \/>\n<span style=\"color: #000000;\">Smart Little Oak (APHA)\u00a0<\/span><\/td>\n<td><span style=\"color: #000000;\">\u00a0<\/span><\/td>\n<td><span style=\"color: #000000;\">\u00a0<\/span><\/td>\n<\/tr>\n<tr>\n<td><span style=\"color: #000000;\">\u00a0<\/span><\/td>\n<td><span style=\"color: #000000;\">\u00a0<\/span><\/td>\n<td><span style=\"color: #000000;\">Doc&#8217;s Oak<\/span><\/td>\n<\/tr>\n<tr>\n<td><span style=\"color: #000000;\">\u00a0<\/span><\/td>\n<td><span style=\"color: #000000;\">\u00a0Janells Oak<\/span><\/td>\n<td><span style=\"color: #000000;\">\u00a0<\/span><\/td>\n<\/tr>\n<tr>\n<td><span style=\"color: #000000;\">\u00a0<\/span><\/td>\n<td><span style=\"color: #000000;\">\u00a0<\/span><\/td>\n<td><span style=\"color: #000000;\">Will Dustbritches<\/span><\/td>\n<\/tr>\n<tr>\n<td><span style=\"color: #000000;\">\u00a0<\/span><\/td>\n<td><span style=\"color: #000000;\">\u00a0<\/span><\/td>\n<td><span style=\"color: #000000;\">\u00a0<\/span><\/td>\n<\/tr>\n<tr>\n<td><span style=\"color: #000000;\">\u00a0<\/span><\/td>\n<td><span style=\"color: #000000;\">\u00a0<\/span><\/td>\n<td><span style=\"color: #000000;\">Mr Gun Smoke<\/span><\/td>\n<\/tr>\n<tr>\n<td><span style=\"color: #000000;\">\u00a0<\/span><\/td>\n<td><span style=\"color: #000000;\">Smokin Streak (AQHA) <\/span><br \/>\n<span style=\"color: #000000;\">Cutter&#8217;s Smoke (APHA)<\/span><\/td>\n<td><span style=\"color: #000000;\">\u00a0<\/span><\/td>\n<\/tr>\n<tr>\n<td><span style=\"color: #000000;\">\u00a0<\/span><\/td>\n<td><span style=\"color: #000000;\">\u00a0<\/span><\/td>\n<td><span style=\"color: #000000;\">Cutter&#8217;s Roxie<\/span><br \/>\n<span style=\"color: #000000;\">(Cutter Bill x Royal King Mare)<\/span><\/td>\n<\/tr>\n<tr>\n<td><span style=\"color: #000000;\">Smokin Moriah Rey\u00a0<\/span><br \/>\n<span style=\"color: #000000;\">(AQHA\/APHA)<\/span><\/td>\n<td><span style=\"color: #000000;\">\u00a0<\/span><\/td>\n<td><span style=\"color: #000000;\">\u00a0<\/span><\/td>\n<\/tr>\n<tr>\n<td><span style=\"color: #000000;\">\u00a0<\/span><\/td>\n<td><span style=\"color: #000000;\">\u00a0<\/span><\/td>\n<td><span style=\"color: #000000;\">Mr Morgan Freeman<\/span><br \/>\n<span style=\"color: #000000;\">(by Blondy&#8217;s Dude)<\/span><\/td>\n<\/tr>\n<tr>\n<td><span style=\"color: #000000;\">\u00a0<\/span><\/td>\n<td><span style=\"color: #000000;\">\u00a0Moriah Rey<\/span><\/td>\n<td><span style=\"color: #000000;\">\u00a0<\/span><\/td>\n<\/tr>\n<tr>\n<td><span style=\"color: #000000;\">\u00a0<\/span><\/td>\n<td><span style=\"color: #000000;\">\u00a0<\/span><\/td>\n<td><span style=\"color: #000000;\">Cassie Rey<\/span><br \/>\n<span style=\"color: #000000;\">(by Rey Jay)<\/span><\/td>\n<\/tr>\n<\/tbody>\n<\/table>\n<p align=\"justify\"><span style=\"color: #000000;\"><strong><span style=\"text-decoration: underline;\">Sire&#8217;s Side of Pedigree:<\/span><\/strong><\/span><\/p>\n<p align=\"justify\"><span style=\"color: #000000;\"><strong><span style=\"text-decoration: underline;\">Sire: WR Smart Lil Oak (AQHA) \/\u00a0Smart Little Oak (APHA)<br \/>\n<\/span><\/strong>Ein &#8222;Crop Out&#8220; Sohn des legend\u00e4ren <strong>Smart Little Lena<\/strong>, aus einer direkten <strong>Doc&#8217;s Oak Tochter<\/strong>.<\/span><br \/>\n<span style=\"color: #000000;\">Diese Anpaarung gilt als golden cross f\u00fcr Smart Little Lena. Hieraus resultiert bereits eine Vielzahl gro\u00dfartiger Performance Horses &amp; Vererber. So z.B. Tumbleweed Smith (LTE\u00a0&gt;178.250,00US$), \u00a0Smart N Slick (LTE\u00a0\u00a0125.000,00 US$), Smart Like Juice (LTE &gt;100.000,00 US$, Offspring LTE: &gt; 400.000,00 US$), Gold Sierra Lena (LTE &gt; 160.000,00 US$, NCHA 50.000,00 US$, Amateur World Champion) und Miss Reylena (LTE &gt; 72.000,00 US$, Bronze NCHA Open Finals, 2x\u00a0NCHA OPen Top 5, NCHA Silver Award), um nur einige davon zu nennen.<\/span><br \/>\n<span style=\"color: #000000;\">Die Gro\u00dfmutter v\u00e4terlicherseits \u00a0<strong>Janells Oak <\/strong>ist nicht nur selber erfolgreich geshowed worden (Northwest Festival Open Futurity; 5th, Las Vegas Open Futurity, NCHA Certificate of Ability, NCHA money-earner), sondern hat\u00a0sich auch in der Zucht bew\u00e4hrt. Ihre Nachkommen haben LTE i.H.v. \u00fcber 113.000,00 US$ gewonnen.<\/span><\/p>\n<p dir=\"ltr\" align=\"justify\"><span style=\"color: #000000;\"><strong><span style=\"text-decoration: underline;\">Smart Little Lena<br \/>\n<\/span><\/strong>Hall of Fame, NCHA Cutting Futurity, NCHA Super Stakes, NCHA Derby, NCHA money-earner, AQHA Leading Sire <\/span><br \/>\n<span style=\"color: #000000;\">Sire of: Hall of Fame, Word Champ., Res. Word Champ., Superior Perf., High Point Perf., ROM Perf., NRHA\/NCHA\/NRCHA money-earners, Halter Point Earners<\/span><\/p>\n<p><span style=\"color: #000000;\"><strong><span style=\"text-decoration: underline;\">Doc O&#8217;Lena<br \/>\n<\/span><\/strong>Hall of Fame, NCHA Futurity, NCHA Derby, NCHA money-earner, Perf. Point Earner <\/span><br \/>\n<span style=\"color: #000000;\">Sire of: Hall of Fame, World Champ., Res. World Champ., Superior Perf., AQHA Champ., ROM Halter, ROM Perf., NRHA\/NCHA\/NRCHA money-earners<\/span><\/p>\n<p><span style=\"color: #000000;\"><strong><span style=\"text-decoration: underline;\">Smart Peppy<br \/>\n<\/span><\/strong>NCHA money-earner, Perf. Point Earner <\/span><br \/>\n<span style=\"color: #000000;\">Dam of: Hall of Fame, NCHA Super Stakes, NCHA Derby, Rom Perf., NRHA\/NCHA money-earners, Perf. Point Earners<\/span><\/p>\n<p><span style=\"color: #000000;\"><strong><span style=\"text-decoration: underline;\">Janells Oak<br \/>\n<\/span><\/strong>Northwest Festival Open Futurity; 5th, Las Vegas Open Futurity, NCHA Certificate of Ability, NCHA money-earner <\/span><br \/>\n<span style=\"color: #000000;\">Dam of: Futurity Open Champions &amp; Reserve Champions, Derby Open Co-Reserve Champion, Finalist in the NCHA Super Stakes Open; 3rd AQHA World Show Cutting, NCHA Certificate of Ability, NCHA money-earners (LTE over $ 113,578)<\/span><\/p>\n<p><span style=\"color: #000000;\"><strong><span style=\"text-decoration: underline;\">Doc&#8217;s Oak<br \/>\n<\/span><\/strong>Hall of Fame, NCHA Futurity, NCHA Finalist, Top Ten World Chow, ROM Perf., NCHA money-earner <\/span><br \/>\n<span style=\"color: #000000;\">Sire of: Word Champ., Res. Word Champ., Superior Perf., High Point Perf., ROM Perf., NRHA\/NCHA\/NRCHA money-earners, Halter Point Earners <\/span><\/p>\n<p><span style=\"color: #000000;\"><strong><span style=\"text-decoration: underline;\">Will Dustbritches<\/span><\/strong> <\/span><br \/>\n<span style=\"color: #000000;\">Dam of: High Point Horse, PCCHA Futurity Open Reserve Champion, PCCHA Derby Open Champion, World Show Qual., Perf. Point Earners , NCHA money-earner (&gt; 113.000,00 US$)<\/span><\/p>\n<p align=\"justify\"><span style=\"color: #000000;\"><strong>\u00a0<\/strong><\/span><\/p>\n<p align=\"justify\"><span style=\"color: #000000;\"><strong><span style=\"text-decoration: underline;\">Dam&#8217;s Side of Pedigree:<\/span><\/strong><\/span><\/p>\n<p align=\"justify\"><span style=\"color: #000000;\"><strong><span style=\"text-decoration: underline;\">Dam: Smokin Moriah Rey (AQHA\/APHA)<br \/>\n<\/span><\/strong>Eine direkte <span style=\"text-decoration: underline;\">Tochter des World Champion Sires<\/span> <strong>Smokin Streak <\/strong>(AQHA)\/<strong>Cutters Smoke<\/strong> (APHA), ein Crop Out Sohn des legend\u00e4ren <strong>Mr Gun Smoke<\/strong>. Smokin Moriah Rey stammt aus einer NCHA money-earner producing Mare.<\/span><\/p>\n<p align=\"justify\"><span style=\"color: #000000;\"><strong><span style=\"text-decoration: underline;\">Smokin Streak (AQHA) \/\u00a0Cutters Smoke (APHA)<br \/>\n<\/span><\/strong>Sire of: Word Champ., Res. World Champ., Superior Perf., ROM Perf., Point Earners (over 940 APHA Points!!)<\/span><\/p>\n<p align=\"justify\"><span style=\"color: #000000;\"><strong><span style=\"text-decoration: underline;\">Mr Gun Smoke<br \/>\n<\/span><\/strong>Der legend\u00e4re und origin\u00e4re &#8222;Gunner&#8220;, von dem auch der heute bekannte &#8222;Gunner&#8220; (Colonels Smokingun) seinen Rufnamen und seine Farbe bekommen hat. Selber im Showring erfolgreich (Superior Perf., ROM Perf., NCHA money-earner) hat Mr Gun Smoke noch mehr durch seine Nachzucht Einfluss auf die Quarter und Paint Horse Zucht genommen. Er hat nicht nur gerne seine ausgefallene Zeichnung vererbt, sondern auch\u00a0durchschlagend seine Leistungsbereitschaft und sein \u00fcberaus gutes Fundament!<\/span><br \/>\n<span style=\"color: #000000;\">Er ist Sire of: Hall of Fame, Res. World Champ., Superior Perf., High Point Perf. AQHA Champ., ROM Perf., NRHA money-earners, NCHA money-earners, NRCHA money-earners, Halter Point Earners<\/span><\/p>\n<p align=\"justify\"><span style=\"color: #000000;\"><strong><span style=\"text-decoration: underline;\">Cutter&#8217;s Roxie<br \/>\n<\/span><\/strong>Eine Tochter von <strong>Cutter Bill<\/strong> (Hall of Fame, Word Champ., NCHA Res. Word Champ., Superior Perf., High Point Horse Perf., AQHA Champ., ROM Perf., COA Bronze &amp; Silver, NCHA money-earner, Halter Points Earner) aus einer producing\u00a0<strong>Royal King<\/strong> Tochter. <\/span><br \/>\n<span style=\"color: #000000;\">Ihre Eigenleistung: Top Ten World Show, 1973 4th CRCHA World Championship Snaffle Bit Futurity Champion,\u00a0Perf. Point Earner, NCHA money-earner<\/span><br \/>\n<span style=\"color: #000000;\">Dam of: NCHA money-earners, Perf. Point Earners<\/span><\/p>\n<p align=\"justify\"><span style=\"color: #000000;\"><strong><span style=\"text-decoration: underline;\">Moriah Rey<br \/>\n<\/span><\/strong>Eine Performance-Anpaarung, nach der sich auch heute noch einige die Finger lecken w\u00fcrden. Proven Sire von Blondy&#8217;s Dude x Rey Jay Stute! Mit konstant guter Nachzucht!<\/span><br \/>\n<span style=\"color: #000000;\">Dam of:\u00a0Performance Point Earners, World Show Qualifier, NCHA Money-earners<\/span><\/p>\n<p align=\"justify\"><span style=\"color: #000000;\"><strong><span style=\"text-decoration: underline;\">Mr Morgan Freeman<br \/>\n<\/span><\/strong>Sohn des legend\u00e4ren Showhorses und Vererbers <strong>Blondy&#8217;s Dude<\/strong> (Hall of Fame, AQHA Champ., ROM Perf., Halter Point Earner, Perf. Point Earner). Selber erfolgreich geshowed (ROM Perf., Perf. Point Earner) als auch als Sire bewiesen:<\/span><br \/>\n<span style=\"color: #000000;\">Sire of: ROM Perf., NCHA Money-earners<\/span><\/p>\n<p align=\"justify\"><span style=\"color: #000000;\"><strong><span style=\"text-decoration: underline;\">Cassie Rey<\/span><\/strong> <\/span><br \/>\n<span style=\"color: #000000;\">Eine Tochter vom Reining- &amp; Cutting\/Cowhorse Vererber\u00a0<strong>Rey Jay<\/strong> aus einer <strong>Johnnie D Cash<\/strong> Stute. <\/span><br \/>\n<span style=\"color: #000000;\">Dam of: Performance Point Earners, NCHA money-earners<\/span><\/p>\n<p align=\"justify\"><span style=\"color: #000000;\"><span style=\"text-decoration: underline;\"><strong>Rey Jay<\/strong><\/span>\u00a0<\/span><br \/>\n<span style=\"color: #000000;\">NCHA Finals, Superior Perf., AQHA Champ., ROM Perf., NCHA money-earner, CoA, Halter Point Earner, Perf. Point Earner, <\/span><br \/>\n<span style=\"color: #000000;\">Sire of.: Supreme Champ. Res. World Champ., Superior Perf., AQHA Champ., ROM Perf., NCHA money-earners, Halter Point Earners, Perf. Point Earners\u00a0<\/span><br \/>\n<span style=\"color: #000000;\"><br \/>\n<\/span><br \/>\n<span style=\"color: #000000;\">Bei Interesse finden Sie die weitere Abstammung von A Smokin Little Gun unter folgenden Links:<\/span><\/p>\n<p align=\"justify\"><span style=\"color: #000000;\"><a href=\"http:\/\/www.allbreedpedigree.com\/a+smokin+little+gun2\" target=\"_blank\"><span style=\"color: #000000;\">A Smokin Little Gun (AQHA)<\/span><\/a><\/span><\/p>\n<p align=\"justify\"><span style=\"color: #000000;\"><a href=\"http:\/\/www.allbreedpedigree.com\/a+smokin+little+gun\"><span style=\"color: #000000;\">A Smokin Little Gun (APHA)<\/span><\/a><\/span><\/p>\n<p align=\"justify\"><span style=\"color: #000000;\"><strong>Ein ausf\u00fchrliches Performance-Pedigree kann auf Anfrage gerne\u00a0zugesendet werden!<\/strong><\/span><\/p>\n<\/div>\n<\/div>\n","protected":false},"excerpt":{"rendered":"<p>Erfolg ist erblich! Setzen auch Sie auf ein korrektes Geb\u00e4ude &amp; Fundament, gepaart mit einem guten Charakter und einer hochkar\u00e4tigen Abstammung, deren Namen einen gro\u00dfen Einfluss auf die heutige Reining- und Cuttingszene haben. Das Pedigree von A Smokin Little Gun liest sich wie das &#8222;Who is Who&#8220; der Cutting-\/Cow Horse-Zucht. Aber auch in der Reiningzucht [&hellip;]<\/p>\n","protected":false},"author":1,"featured_media":0,"parent":86,"menu_order":0,"comment_status":"closed","ping_status":"closed","template":"page-templates\/full-width.php","meta":{"footnotes":""},"class_list":["post-99","page","type-page","status-publish","hentry"],"_links":{"self":[{"href":"http:\/\/ranchhorsepanzer.de\/index.php?rest_route=\/wp\/v2\/pages\/99","targetHints":{"allow":["GET"]}}],"collection":[{"href":"http:\/\/ranchhorsepanzer.de\/index.php?rest_route=\/wp\/v2\/pages"}],"about":[{"href":"http:\/\/ranchhorsepanzer.de\/index.php?rest_route=\/wp\/v2\/types\/page"}],"author":[{"embeddable":true,"href":"http:\/\/ranchhorsepanzer.de\/index.php?rest_route=\/wp\/v2\/users\/1"}],"replies":[{"embeddable":true,"href":"http:\/\/ranchhorsepanzer.de\/index.php?rest_route=%2Fwp%2Fv2%2Fcomments&post=99"}],"version-history":[{"count":7,"href":"http:\/\/ranchhorsepanzer.de\/index.php?rest_route=\/wp\/v2\/pages\/99\/revisions"}],"predecessor-version":[{"id":752,"href":"http:\/\/ranchhorsepanzer.de\/index.php?rest_route=\/wp\/v2\/pages\/99\/revisions\/752"}],"up":[{"embeddable":true,"href":"http:\/\/ranchhorsepanzer.de\/index.php?rest_route=\/wp\/v2\/pages\/86"}],"wp:attachment":[{"href":"http:\/\/ranchhorsepanzer.de\/index.php?rest_route=%2Fwp%2Fv2%2Fmedia&parent=99"}],"curies":[{"name":"wp","href":"https:\/\/api.w.org\/{rel}","templated":true}]}}